{"id":1137,"date":"2018-03-02T16:11:23","date_gmt":"2018-03-02T16:11:23","guid":{"rendered":"http:\/\/preprod.maisonorsini.com\/?page_id=1137"},"modified":"2023-10-20T10:12:09","modified_gmt":"2023-10-20T08:12:09","slug":"malerisches-pamparigouste-haus","status":"publish","type":"page","link":"https:\/\/maisonorsini.com\/de\/gites-chambres-hotes-avignon-provence\/maison-pamparigouste-pittoresque","title":{"rendered":"Haus Pamparigouste - Malerische Ferienh\u00e4user in der Provence"},"content":{"rendered":"<p><div class=\"fusion-bg-parallax\" data-bg-align=\"center center\" data-direction=\"up\" data-mute=\"false\" data-opacity=\"100\" data-velocity=\"-0.2\" data-mobile-enabled=\"false\" data-break_parents=\"0\" data-bg-image=\"https:\/\/maisonorsini.com\/wp-content\/uploads\/2018\/03\/vue-panoramique-villeneuve-les-avignon-maison-hotes-orsini-pamparigouste-terrasse-1.png\" data-bg-repeat=\"false\" ><\/div><div class=\"fusion-fullwidth fullwidth-box fusion-builder-row-1 fusion-flex-container fusion-parallax-up nonhundred-percent-fullwidth non-hundred-percent-height-scrolling lazyload\" style=\"--awb-border-radius-top-left:0px;--awb-border-radius-top-right:0px;--awb-border-radius-bottom-right:0px;--awb-border-radius-bottom-left:0px;--awb-padding-top:150px;--awb-padding-right:0px;--awb-padding-bottom:150px;--awb-padding-left:0px;--awb-margin-top:0px;--awb-margin-bottom:30px;--awb-background-size:cover;--awb-flex-wrap:wrap;\" data-bg=\"https:\/\/maisonorsini.com\/wp-content\/uploads\/2018\/03\/vue-panoramique-villeneuve-les-avignon-maison-hotes-orsini-pamparigouste-terrasse-1.png\" ><div class=\"fusion-builder-row fusion-row fusion-flex-align-items-flex-start fusion-flex-content-wrap\" style=\"max-width:1216.8px;margin-left: calc(-4% \/ 2 );margin-right: calc(-4% \/ 2 );\"><div class=\"fusion-layout-column fusion_builder_column fusion-builder-column-0 fusion_builder_column_1_1 1_1 fusion-flex-column\" style=\"--awb-bg-size:cover;--awb-width-large:100%;--awb-margin-top-large:0px;--awb-spacing-right-large:1.92%;--awb-margin-bottom-large:20px;--awb-spacing-left-large:1.92%;--awb-width-medium:100%;--awb-spacing-right-medium:1.92%;--awb-spacing-left-medium:1.92%;--awb-width-small:100%;--awb-spacing-right-small:1.92%;--awb-spacing-left-small:1.92%;\"><div class=\"fusion-column-wrapper fusion-flex-justify-content-flex-start fusion-content-layout-column\"><div class=\"fusion-image-element\" style=\"text-align:center;--awb-caption-title-font-family:var(--h2_typography-font-family);--awb-caption-title-font-weight:var(--h2_typography-font-weight);--awb-caption-title-font-style:var(--h2_typography-font-style);--awb-caption-title-size:var(--h2_typography-font-size);--awb-caption-title-transform:var(--h2_typography-text-transform);--awb-caption-title-line-height:var(--h2_typography-line-height);--awb-caption-title-letter-spacing:var(--h2_typography-letter-spacing);\"><span class=\"fusion-imageframe imageframe-none imageframe-1 hover-type-none\"><img decoding=\"async\" width=\"200\" height=\"254\" title=\"wappen-haus-orsini-g\u00e4stezimmer-villeneuve-les-avignon\" src=\"data:image\/svg+xml,%3Csvg%20xmlns%3D%27http%3A%2F%2Fwww.w3.org%2F2000%2Fsvg%27%20width%3D%27200%27%20height%3D%27254%27%20viewBox%3D%270%200%20200%20254%27%3E%3Crect%20width%3D%27200%27%20height%3D%27254%27%20fill-opacity%3D%220%22%2F%3E%3C%2Fsvg%3E\" data-orig-src=\"https:\/\/maisonorsini.com\/wp-content\/uploads\/2018\/02\/blason-maison-orsini-chambre-dh\u00f4tes-villeneuve-les-avignon-e1519641197689.png\" alt class=\"lazyload img-responsive wp-image-656\"\/><\/span><\/div><\/div><\/div><\/div><\/div><div class=\"fusion-fullwidth fullwidth-box fusion-builder-row-2 fusion-flex-container nonhundred-percent-fullwidth non-hundred-percent-height-scrolling\" style=\"--awb-border-radius-top-left:0px;--awb-border-radius-top-right:0px;--awb-border-radius-bottom-right:0px;--awb-border-radius-bottom-left:0px;--awb-padding-top:0px;--awb-padding-right:0px;--awb-padding-bottom:0px;--awb-padding-left:0px;--awb-flex-wrap:wrap;\" ><div class=\"fusion-builder-row fusion-row fusion-flex-align-items-flex-start fusion-flex-content-wrap\" style=\"max-width:1216.8px;margin-left: calc(-4% \/ 2 );margin-right: calc(-4% \/ 2 );\"><div class=\"fusion-layout-column fusion_builder_column fusion-builder-column-1 fusion_builder_column_1_6 1_6 fusion-flex-column\" style=\"--awb-bg-size:cover;--awb-width-large:16.666666666667%;--awb-margin-top-large:0px;--awb-spacing-right-large:11.52%;--awb-margin-bottom-large:20px;--awb-spacing-left-large:11.52%;--awb-width-medium:100%;--awb-spacing-right-medium:1.92%;--awb-spacing-left-medium:1.92%;--awb-width-small:100%;--awb-spacing-right-small:1.92%;--awb-spacing-left-small:1.92%;\"><div class=\"fusion-column-wrapper fusion-flex-justify-content-flex-start fusion-content-layout-column\"><\/div><\/div><div class=\"fusion-layout-column fusion_builder_column fusion-builder-column-2 fusion_builder_column_2_3 2_3 fusion-flex-column\" style=\"--awb-bg-size:cover;--awb-width-large:66.666666666667%;--awb-margin-top-large:0px;--awb-spacing-right-large:2.88%;--awb-margin-bottom-large:20px;--awb-spacing-left-large:2.88%;--awb-width-medium:100%;--awb-spacing-right-medium:1.92%;--awb-spacing-left-medium:1.92%;--awb-width-small:100%;--awb-spacing-right-small:1.92%;--awb-spacing-left-small:1.92%;\"><div class=\"fusion-column-wrapper fusion-flex-justify-content-flex-start fusion-content-layout-column\"><div class=\"fusion-text fusion-text-1\"><h1 style=\"text-align: center; margin-top: 20px;\">G\u00e4stehaus Pamparigouste<\/h1>\n<h2 style=\"text-align: center;\">Ein G\u00e4stehaus mit zwei unabh\u00e4ngigen Suiten<\/h2>\n<p style=\"font-weight: 400; text-align: center;\"><em>Pamparigousto<\/em>\u00a0: Aus dem Kastellanischen stammender Begriff\u00a0<em>Pamplona<\/em>ist eine Stadt in Navarra. Im Provenzalischen bezeichnet es das imagin\u00e4re und ferne Land. Das ehemalige Haus des Capouli\u00e9 Marius Jouveau und sp\u00e4ter seines Sohnes Ren\u00e9 Jouveau liegt an den Klippen und bietet einen Panoramablick auf das Rhonetal und die Region Comtat Venaissin. Es ist in zwei unabh\u00e4ngige Suiten unterteilt: eine Suite im Erdgeschoss und eine Suite im ersten Stock, die jeweils \u00fcber einen eigenen Zugang und eine eigene Terrasse verf\u00fcgen.<\/p>\n<\/div><\/div><\/div><div class=\"fusion-layout-column fusion_builder_column fusion-builder-column-3 fusion_builder_column_1_6 1_6 fusion-flex-column\" style=\"--awb-bg-size:cover;--awb-width-large:16.666666666667%;--awb-margin-top-large:0px;--awb-spacing-right-large:11.52%;--awb-margin-bottom-large:20px;--awb-spacing-left-large:11.52%;--awb-width-medium:100%;--awb-spacing-right-medium:1.92%;--awb-spacing-left-medium:1.92%;--awb-width-small:100%;--awb-spacing-right-small:1.92%;--awb-spacing-left-small:1.92%;\"><div class=\"fusion-column-wrapper fusion-flex-justify-content-flex-start fusion-content-layout-column\"><\/div><\/div><div class=\"fusion-layout-column fusion_builder_column fusion-builder-column-4 fusion_builder_column_1_1 1_1 fusion-flex-column\" style=\"--awb-bg-size:cover;--awb-width-large:100%;--awb-margin-top-large:0px;--awb-spacing-right-large:1.92%;--awb-margin-bottom-large:20px;--awb-spacing-left-large:1.92%;--awb-width-medium:100%;--awb-spacing-right-medium:1.92%;--awb-spacing-left-medium:1.92%;--awb-width-small:100%;--awb-spacing-right-small:1.92%;--awb-spacing-left-small:1.92%;\"><div class=\"fusion-column-wrapper fusion-flex-justify-content-flex-start fusion-content-layout-column\"><style type=\"text\/css\">.fusion-portfolio-wrapper#fusion-portfolio-1 .fusion-portfolio-content{ padding: 25px 25px 25px 25px; text-align: center; }<\/style><div class=\"fusion-recent-works fusion-portfolio-element fusion-portfolio fusion-portfolio-1 fusion-portfolio-grid fusion-portfolio-paging-none fusion-portfolio-two fusion-portfolio-boxed fusion-portfolio-text fusion-portfolio-equal-heights fusion-portfolio-rollover\" data-id=\"-rw-1\" data-columns=\"two\"><style type=\"text\/css\">.fusion-portfolio-1 .fusion-portfolio-wrapper .fusion-col-spacing{padding:0px;}<\/style><div class=\"fusion-portfolio-wrapper\" id=\"fusion-portfolio-1\" data-picturesize=\"auto\" data-pages=\"1\" style=\"margin:-0px;\"><article id=\"portfolio-1-post-1134\" class=\"fusion-portfolio-post chambres-hotes-gites pamparigouste fusion-col-spacing post-1134\"><div class=\"fusion-portfolio-content-wrapper\" style=\"border:1px solid #d8d8d8;border-bottom-width:3px;background-color:rgba(255,255,255,0);\"><span class=\"vcard rich-snippet-hidden\"><span class=\"fn\"><a href=\"https:\/\/maisonorsini.com\/de\/author\/adm-akdigital-18\" title=\"Beitr\u00e4ge von adm-akdigital-18\" rel=\"author\">adm-akdigital-18<\/a><\/span><\/span><span class=\"updated rich-snippet-hidden\">2025-06-25T11:28:30+02:00<\/span><div  class=\"fusion-image-wrapper\" aria-haspopup=\"true\">\n\t\t\t\t<img decoding=\"async\" width=\"1200\" height=\"798\" src=\"https:\/\/maisonorsini.com\/wp-content\/uploads\/2018\/03\/chambre-dhote-\u00e0-avignon-gite-en-provence-maison-orsini-pamparigouste-8.jpg\" class=\"attachment-full size-full lazyload wp-post-image\" alt=\"\" srcset=\"https:\/\/maisonorsini.com\/wp-content\/uploads\/2018\/03\/chambre-dhote-\u00e0-avignon-gite-en-provence-maison-orsini-pamparigouste-8-200x133.jpg 200w, https:\/\/maisonorsini.com\/wp-content\/uploads\/2018\/03\/chambre-dhote-\u00e0-avignon-gite-en-provence-maison-orsini-pamparigouste-8-300x200.jpg 300w, https:\/\/maisonorsini.com\/wp-content\/uploads\/2018\/03\/chambre-dhote-\u00e0-avignon-gite-en-provence-maison-orsini-pamparigouste-8-400x266.jpg 400w, https:\/\/maisonorsini.com\/wp-content\/uploads\/2018\/03\/chambre-dhote-\u00e0-avignon-gite-en-provence-maison-orsini-pamparigouste-8-600x399.jpg 600w, https:\/\/maisonorsini.com\/wp-content\/uploads\/2018\/03\/chambre-dhote-\u00e0-avignon-gite-en-provence-maison-orsini-pamparigouste-8-768x511.jpg 768w, https:\/\/maisonorsini.com\/wp-content\/uploads\/2018\/03\/chambre-dhote-\u00e0-avignon-gite-en-provence-maison-orsini-pamparigouste-8-800x532.jpg 800w, https:\/\/maisonorsini.com\/wp-content\/uploads\/2018\/03\/chambre-dhote-\u00e0-avignon-gite-en-provence-maison-orsini-pamparigouste-8-1024x681.jpg 1024w, https:\/\/maisonorsini.com\/wp-content\/uploads\/2018\/03\/chambre-dhote-\u00e0-avignon-gite-en-provence-maison-orsini-pamparigouste-8.jpg 1200w\" data-orig-src=\"https:\/\/maisonorsini.com\/wp-content\/uploads\/2018\/03\/chambre-dhote-\u00e0-avignon-gite-en-provence-maison-orsini-pamparigouste-8.jpg\" data-srcset=\"https:\/\/maisonorsini.com\/wp-content\/uploads\/2018\/03\/chambre-dhote-\u00e0-avignon-gite-en-provence-maison-orsini-pamparigouste-8-200x133.jpg 200w, https:\/\/maisonorsini.com\/wp-content\/uploads\/2018\/03\/chambre-dhote-\u00e0-avignon-gite-en-provence-maison-orsini-pamparigouste-8-300x200.jpg 300w, https:\/\/maisonorsini.com\/wp-content\/uploads\/2018\/03\/chambre-dhote-\u00e0-avignon-gite-en-provence-maison-orsini-pamparigouste-8-400x266.jpg 400w, https:\/\/maisonorsini.com\/wp-content\/uploads\/2018\/03\/chambre-dhote-\u00e0-avignon-gite-en-provence-maison-orsini-pamparigouste-8-600x399.jpg 600w, https:\/\/maisonorsini.com\/wp-content\/uploads\/2018\/03\/chambre-dhote-\u00e0-avignon-gite-en-provence-maison-orsini-pamparigouste-8-768x511.jpg 768w, https:\/\/maisonorsini.com\/wp-content\/uploads\/2018\/03\/chambre-dhote-\u00e0-avignon-gite-en-provence-maison-orsini-pamparigouste-8-800x532.jpg 800w, https:\/\/maisonorsini.com\/wp-content\/uploads\/2018\/03\/chambre-dhote-\u00e0-avignon-gite-en-provence-maison-orsini-pamparigouste-8-1024x681.jpg 1024w, https:\/\/maisonorsini.com\/wp-content\/uploads\/2018\/03\/chambre-dhote-\u00e0-avignon-gite-en-provence-maison-orsini-pamparigouste-8.jpg 1200w\" data-sizes=\"auto\" \/><div class=\"fusion-rollover\">\n\t<div class=\"fusion-rollover-content\">\n\n\t\t\t\t\n\t\t\n\t\t\t\t\t\t\t\t\n\t\t\t\t\t\t\t\t\n\t\t\n\t\t\t\t\t\t<a class=\"fusion-link-wrapper\" href=\"https:\/\/maisonorsini.com\/de\/hebergement\/maison-pamparigouste-rdz\" aria-label=\"Suite Pamparigouste Erdgeschoss\"><\/a>\n\t<\/div>\n<\/div>\n<\/div>\n<div class=\"fusion-portfolio-content\" style=\"background-color:rgba(255,255,255,0);\"><h2 class=\"entry-title fusion-post-title\"><a href=\"https:\/\/maisonorsini.com\/de\/hebergement\/maison-pamparigouste-rdz\">Suite Pamparigouste Erdgeschoss<\/a><\/h2><div class=\"fusion-post-content\"><\/div><\/div><\/div><\/article><article id=\"portfolio-1-post-843\" class=\"fusion-portfolio-post chambres-hotes-gites pamparigouste fusion-col-spacing post-843\"><div class=\"fusion-portfolio-content-wrapper\" style=\"border:1px solid #d8d8d8;border-bottom-width:3px;background-color:rgba(255,255,255,0);\"><span class=\"vcard rich-snippet-hidden\"><span class=\"fn\"><a href=\"https:\/\/maisonorsini.com\/de\/author\/adm-akdigital-18\" title=\"Beitr\u00e4ge von adm-akdigital-18\" rel=\"author\">adm-akdigital-18<\/a><\/span><\/span><span class=\"updated rich-snippet-hidden\">2025-06-25T11:28:53+02:00<\/span><div  class=\"fusion-image-wrapper\" aria-haspopup=\"true\">\n\t\t\t\t<img decoding=\"async\" width=\"1200\" height=\"800\" src=\"https:\/\/maisonorsini.com\/wp-content\/uploads\/2018\/02\/chambre-dhote-\u00e0-avignon-gite-en-provence-maison-orsini-6.jpg\" class=\"attachment-full size-full lazyload wp-post-image\" alt=\"\" srcset=\"https:\/\/maisonorsini.com\/wp-content\/uploads\/2018\/02\/chambre-dhote-\u00e0-avignon-gite-en-provence-maison-orsini-6-200x133.jpg 200w, https:\/\/maisonorsini.com\/wp-content\/uploads\/2018\/02\/chambre-dhote-\u00e0-avignon-gite-en-provence-maison-orsini-6-300x200.jpg 300w, https:\/\/maisonorsini.com\/wp-content\/uploads\/2018\/02\/chambre-dhote-\u00e0-avignon-gite-en-provence-maison-orsini-6-400x267.jpg 400w, https:\/\/maisonorsini.com\/wp-content\/uploads\/2018\/02\/chambre-dhote-\u00e0-avignon-gite-en-provence-maison-orsini-6-600x400.jpg 600w, https:\/\/maisonorsini.com\/wp-content\/uploads\/2018\/02\/chambre-dhote-\u00e0-avignon-gite-en-provence-maison-orsini-6-768x512.jpg 768w, https:\/\/maisonorsini.com\/wp-content\/uploads\/2018\/02\/chambre-dhote-\u00e0-avignon-gite-en-provence-maison-orsini-6-800x533.jpg 800w, https:\/\/maisonorsini.com\/wp-content\/uploads\/2018\/02\/chambre-dhote-\u00e0-avignon-gite-en-provence-maison-orsini-6-1024x683.jpg 1024w, https:\/\/maisonorsini.com\/wp-content\/uploads\/2018\/02\/chambre-dhote-\u00e0-avignon-gite-en-provence-maison-orsini-6.jpg 1200w\" data-orig-src=\"https:\/\/maisonorsini.com\/wp-content\/uploads\/2018\/02\/chambre-dhote-\u00e0-avignon-gite-en-provence-maison-orsini-6.jpg\" data-srcset=\"https:\/\/maisonorsini.com\/wp-content\/uploads\/2018\/02\/chambre-dhote-\u00e0-avignon-gite-en-provence-maison-orsini-6-200x133.jpg 200w, https:\/\/maisonorsini.com\/wp-content\/uploads\/2018\/02\/chambre-dhote-\u00e0-avignon-gite-en-provence-maison-orsini-6-300x200.jpg 300w, https:\/\/maisonorsini.com\/wp-content\/uploads\/2018\/02\/chambre-dhote-\u00e0-avignon-gite-en-provence-maison-orsini-6-400x267.jpg 400w, https:\/\/maisonorsini.com\/wp-content\/uploads\/2018\/02\/chambre-dhote-\u00e0-avignon-gite-en-provence-maison-orsini-6-600x400.jpg 600w, https:\/\/maisonorsini.com\/wp-content\/uploads\/2018\/02\/chambre-dhote-\u00e0-avignon-gite-en-provence-maison-orsini-6-768x512.jpg 768w, https:\/\/maisonorsini.com\/wp-content\/uploads\/2018\/02\/chambre-dhote-\u00e0-avignon-gite-en-provence-maison-orsini-6-800x533.jpg 800w, https:\/\/maisonorsini.com\/wp-content\/uploads\/2018\/02\/chambre-dhote-\u00e0-avignon-gite-en-provence-maison-orsini-6-1024x683.jpg 1024w, https:\/\/maisonorsini.com\/wp-content\/uploads\/2018\/02\/chambre-dhote-\u00e0-avignon-gite-en-provence-maison-orsini-6.jpg 1200w\" data-sizes=\"auto\" \/><div class=\"fusion-rollover\">\n\t<div class=\"fusion-rollover-content\">\n\n\t\t\t\t\n\t\t\n\t\t\t\t\t\t\t\t\n\t\t\t\t\t\t\t\t\n\t\t\n\t\t\t\t\t\t<a class=\"fusion-link-wrapper\" href=\"https:\/\/maisonorsini.com\/de\/hebergement\/suite-pamparigouste-1er-etage\" aria-label=\"Suite Pamparigouste 1. Stock\"><\/a>\n\t<\/div>\n<\/div>\n<\/div>\n<div class=\"fusion-portfolio-content\" style=\"background-color:rgba(255,255,255,0);\"><h2 class=\"entry-title fusion-post-title\"><a href=\"https:\/\/maisonorsini.com\/de\/hebergement\/suite-pamparigouste-1er-etage\">Suite Pamparigouste 1. Stock<\/a><\/h2><div class=\"fusion-post-content\"><\/div><\/div><\/div><\/article><\/div><\/div><div class=\"fusion-text fusion-text-2\"><h3 style=\"text-align: center;\">Entdecken Sie unsere individuellen Zimmer und Ferienh\u00e4user mit Charme<\/h3>\n<\/div><\/div><\/div><\/div><\/div><\/p>","protected":false},"excerpt":{"rendered":"","protected":false},"author":1,"featured_media":0,"parent":748,"menu_order":0,"comment_status":"closed","ping_status":"closed","template":"100-width.php","meta":{"footnotes":""},"class_list":["post-1137","page","type-page","status-publish","hentry"],"yoast_head":"<!-- This site is optimized with the Yoast SEO plugin v27.6 - https:\/\/yoast.com\/product\/yoast-seo-wordpress\/ -->\n<title>Maison Pamparigouste - G\u00eetes pittoresque en Provence<\/title>\n<meta name=\"robots\" content=\"index, follow, max-snippet:-1, max-image-preview:large, max-video-preview:-1\" \/>\n<link rel=\"canonical\" href=\"https:\/\/maisonorsini.com\/de\/ferienwohnungen-gastezimmer-avignon-provence\/malerisches-pamparigouste-haus\/\" \/>\n<meta property=\"og:locale\" content=\"de_DE\" \/>\n<meta property=\"og:type\" content=\"article\" \/>\n<meta property=\"og:title\" content=\"Maison Pamparigouste - G\u00eetes pittoresque en Provence\" \/>\n<meta property=\"og:url\" content=\"https:\/\/maisonorsini.com\/de\/ferienwohnungen-gastezimmer-avignon-provence\/malerisches-pamparigouste-haus\/\" \/>\n<meta property=\"og:site_name\" content=\"G\u00eetes et Chambre d&#039;H\u00f4tes - Maison Orsini\" \/>\n<meta property=\"article:publisher\" content=\"https:\/\/www.facebook.com\/Maison.Orsini\/\" \/>\n<meta property=\"article:modified_time\" content=\"2023-10-20T08:12:09+00:00\" \/>\n<meta name=\"twitter:card\" content=\"summary_large_image\" \/>\n<meta name=\"twitter:title\" content=\"Maison Pamparigouste - G\u00eetes pittoresque en Provence\" \/>\n<meta name=\"twitter:label1\" content=\"Gesch\u00e4tzte Lesezeit\" \/>\n\t<meta name=\"twitter:data1\" content=\"3\u00a0Minuten\" \/>\n<!-- \/ Yoast SEO plugin. -->","yoast_head_json":{"title":"Haus Pamparigouste - Malerische Ferienh\u00e4user in der Provence","robots":{"index":"index","follow":"follow","max-snippet":"max-snippet:-1","max-image-preview":"max-image-preview:large","max-video-preview":"max-video-preview:-1"},"canonical":"https:\/\/maisonorsini.com\/de\/ferienwohnungen-gastezimmer-avignon-provence\/malerisches-pamparigouste-haus\/","og_locale":"de_DE","og_type":"article","og_title":"Maison Pamparigouste - G\u00eetes pittoresque en Provence","og_url":"https:\/\/maisonorsini.com\/de\/ferienwohnungen-gastezimmer-avignon-provence\/malerisches-pamparigouste-haus\/","og_site_name":"G\u00eetes et Chambre d&#039;H\u00f4tes - Maison Orsini","article_publisher":"https:\/\/www.facebook.com\/Maison.Orsini\/","article_modified_time":"2023-10-20T08:12:09+00:00","twitter_card":"summary_large_image","twitter_title":"Maison Pamparigouste - G\u00eetes pittoresque en Provence","twitter_misc":{"Gesch\u00e4tzte Lesezeit":"3\u00a0Minuten"},"schema":{"@context":"https:\/\/schema.org","@graph":[{"@type":"WebPage","@id":"https:\/\/maisonorsini.com\/gites-chambres-hotes-avignon-provence\/maison-pamparigouste-pittoresque","url":"https:\/\/maisonorsini.com\/gites-chambres-hotes-avignon-provence\/maison-pamparigouste-pittoresque","name":"Haus Pamparigouste - Malerische Ferienh\u00e4user in der Provence","isPartOf":{"@id":"https:\/\/maisonorsini.com\/#website"},"datePublished":"2018-03-02T16:11:23+00:00","dateModified":"2023-10-20T08:12:09+00:00","breadcrumb":{"@id":"https:\/\/maisonorsini.com\/gites-chambres-hotes-avignon-provence\/maison-pamparigouste-pittoresque#breadcrumb"},"inLanguage":"de","potentialAction":[{"@type":"ReadAction","target":["https:\/\/maisonorsini.com\/gites-chambres-hotes-avignon-provence\/maison-pamparigouste-pittoresque"]}]},{"@type":"BreadcrumbList","@id":"https:\/\/maisonorsini.com\/gites-chambres-hotes-avignon-provence\/maison-pamparigouste-pittoresque#breadcrumb","itemListElement":[{"@type":"ListItem","position":1,"name":"Accueil","item":"https:\/\/maisonorsini.com\/"},{"@type":"ListItem","position":2,"name":"H\u00e9bergements &#8211; G\u00eetes et chambres d&rsquo;H\u00f4tes \u00e0 Avignon en Provence","item":"https:\/\/maisonorsini.com\/gites-chambres-hotes-avignon-provence"},{"@type":"ListItem","position":3,"name":"Maison Pamparigouste &#8211; G\u00eetes pittoresque en Provence"}]},{"@type":"WebSite","@id":"https:\/\/maisonorsini.com\/#website","url":"https:\/\/maisonorsini.com\/","name":"Ferienwohnungen und G\u00e4stezimmer - Maison Orsini","description":"Charmantes G\u00e4stehaus in Villeneuve-l\u00e8s-Avignon","potentialAction":[{"@type":"SearchAction","target":{"@type":"EntryPoint","urlTemplate":"https:\/\/maisonorsini.com\/?s={search_term_string}"},"query-input":{"@type":"PropertyValueSpecification","valueRequired":true,"valueName":"search_term_string"}}],"inLanguage":"de"}]}},"_links":{"self":[{"href":"https:\/\/maisonorsini.com\/de\/wp-json\/wp\/v2\/pages\/1137","targetHints":{"allow":["GET"]}}],"collection":[{"href":"https:\/\/maisonorsini.com\/de\/wp-json\/wp\/v2\/pages"}],"about":[{"href":"https:\/\/maisonorsini.com\/de\/wp-json\/wp\/v2\/types\/page"}],"author":[{"embeddable":true,"href":"https:\/\/maisonorsini.com\/de\/wp-json\/wp\/v2\/users\/1"}],"replies":[{"embeddable":true,"href":"https:\/\/maisonorsini.com\/de\/wp-json\/wp\/v2\/comments?post=1137"}],"version-history":[{"count":0,"href":"https:\/\/maisonorsini.com\/de\/wp-json\/wp\/v2\/pages\/1137\/revisions"}],"up":[{"embeddable":true,"href":"https:\/\/maisonorsini.com\/de\/wp-json\/wp\/v2\/pages\/748"}],"wp:attachment":[{"href":"https:\/\/maisonorsini.com\/de\/wp-json\/wp\/v2\/media?parent=1137"}],"curies":[{"name":"wp","href":"https:\/\/api.w.org\/{rel}","templated":true}]}}