{"id":15,"date":"2015-02-10T19:22:07","date_gmt":"2015-02-10T19:22:07","guid":{"rendered":"http:\/\/avada.theme-fusion.com_demos\/architecture\/?page_id=15"},"modified":"2025-05-05T09:43:43","modified_gmt":"2025-05-05T07:43:43","slug":"kontakt-gastezimmer-ferienwohnung-avignon","status":"publish","type":"page","link":"https:\/\/maisonorsini.com\/de\/contact-chambres-hotes-gite-avignon","title":{"rendered":"Kontakt G\u00e4stezimmer in Avignon en Provence"},"content":{"rendered":"<p><div class=\"fusion-fullwidth fullwidth-box fusion-builder-row-1 fusion-flex-container hundred-percent-fullwidth non-hundred-percent-height-scrolling\" style=\"--awb-border-radius-top-left:0px;--awb-border-radius-top-right:0px;--awb-border-radius-bottom-right:0px;--awb-border-radius-bottom-left:0px;--awb-padding-top:0px;--awb-padding-bottom:0px;--awb-margin-bottom:0px;--awb-flex-wrap:wrap;\" id=\"container-intro\" ><div class=\"fusion-builder-row fusion-row fusion-flex-align-items-flex-start fusion-flex-content-wrap\" style=\"width:104% !important;max-width:104% !important;margin-left: calc(-4% \/ 2 );margin-right: calc(-4% \/ 2 );\"><div class=\"fusion-layout-column fusion_builder_column fusion-builder-column-0 fusion_builder_column_1_2 1_2 fusion-flex-column\" style=\"--awb-padding-top:0px;--awb-padding-right:0px;--awb-padding-bottom:0px;--awb-padding-left:0px;--awb-bg-color:#0a0a0a;--awb-bg-color-hover:#0a0a0a;--awb-bg-image:url(&#039;https:\/\/maisonorsini.com\/wp-content\/uploads\/2018\/02\/chambre-hote-chambre-bleu-villeneuve-avignon-maison-orsini.jpg&#039;);--awb-bg-position:center bottom;--awb-bg-size:cover;--awb-width-large:50%;--awb-margin-top-large:0px;--awb-spacing-right-large:3.84%;--awb-margin-bottom-large:0px;--awb-spacing-left-large:3.84%;--awb-width-medium:100%;--awb-order-medium:0;--awb-spacing-right-medium:1.92%;--awb-spacing-left-medium:1.92%;--awb-width-small:100%;--awb-order-small:0;--awb-spacing-right-small:1.92%;--awb-spacing-left-small:1.92%;\" id=\"image-contact\" data-scroll-devices=\"small-visibility,medium-visibility,large-visibility\"><div class=\"fusion-column-wrapper fusion-column-has-shadow fusion-flex-justify-content-flex-start fusion-content-layout-column fusion-empty-column-bg-image fusion-column-has-bg-image\" data-bg-url=\"https:\/\/maisonorsini.com\/wp-content\/uploads\/2018\/02\/chambre-hote-chambre-bleu-villeneuve-avignon-maison-orsini.jpg\"><img decoding=\"async\" class=\"fusion-empty-dims-img-placeholder\" aria-label=\"hote-zimmer-blau-villeneuve-avignon-haus-orsini\" src=\"data:image\/svg+xml,%3Csvg%20xmlns%3D%27http%3A%2F%2Fwww.w3.org%2F2000%2Fsvg%27%20width%3D%271280%27%20height%3D%27853%27%20viewBox%3D%270%200%201280%20853%27%3E%3Crect%20width%3D%271280%27%20height%3D%27853%27%20fill-opacity%3D%220%22%2F%3E%3C%2Fsvg%3E\"><\/div><\/div><div class=\"fusion-layout-column fusion_builder_column fusion-builder-column-1 fusion_builder_column_1_2 1_2 fusion-flex-column fusion-flex-align-self-flex-start fusion-column-no-min-height\" style=\"--awb-bg-size:cover;--awb-width-large:50%;--awb-margin-top-large:30px;--awb-spacing-right-large:3.84%;--awb-margin-bottom-large:20px;--awb-spacing-left-large:3.84%;--awb-width-medium:100%;--awb-order-medium:0;--awb-spacing-right-medium:1.92%;--awb-spacing-left-medium:1.92%;--awb-width-small:100%;--awb-order-small:0;--awb-spacing-right-small:1.92%;--awb-spacing-left-small:1.92%;\"><div class=\"fusion-column-wrapper fusion-column-has-shadow fusion-flex-justify-content-flex-start fusion-content-layout-column\"><div class=\"fusion-separator fusion-no-small-visibility fusion-no-medium-visibility fusion-full-width-sep\" style=\"align-self: center;margin-left: auto;margin-right: auto;margin-top:50px;width:100%;\"><\/div><div class=\"fusion-text fusion-text-1\"><h1>DAS HAUS ORSINI KONTAKTIEREN<\/h1>\n<h2>Ferienh\u00e4user und G\u00e4stezimmer mit Charme in der Provence<\/h2>\n<\/div><div class=\"fusion-builder-row fusion-builder-row-inner fusion-row fusion-flex-align-items-flex-start fusion-flex-content-wrap\" style=\"width:104% !important;max-width:104% !important;margin-left: calc(-4% \/ 2 );margin-right: calc(-4% \/ 2 );\"><div class=\"fusion-layout-column fusion_builder_column_inner fusion-builder-nested-column-0 fusion_builder_column_inner_1_2 1_2 fusion-flex-column\" style=\"--awb-bg-blend:overlay;--awb-bg-size:cover;--awb-width-large:50%;--awb-margin-top-large:0px;--awb-spacing-right-large:3.84%;--awb-margin-bottom-large:20px;--awb-spacing-left-large:3.84%;--awb-width-medium:100%;--awb-spacing-right-medium:1.92%;--awb-spacing-left-medium:1.92%;--awb-width-small:100%;--awb-spacing-right-small:1.92%;--awb-spacing-left-small:1.92%;\"><div class=\"fusion-column-wrapper fusion-flex-justify-content-flex-start fusion-content-layout-column\"><div class=\"fusion-text fusion-text-2\"><div>21bis rue Mont\u00e9e de la Tour<br \/>\n30400 Villeneuve-l\u00e8s-Avignon<\/div>\n<p>Motiv: <a href=\"phoneto:+33682276594\">+33 6 82 27 65 94<\/a><br \/>\nE-Mail:\u00a0<a href=\"mailto:maisonorsini@gmail.com\">maisonorsini@gmail.com<\/a><\/p>\n<\/div><\/div><\/div><div class=\"fusion-layout-column fusion_builder_column_inner fusion-builder-nested-column-1 fusion_builder_column_inner_1_2 1_2 fusion-flex-column\" style=\"--awb-bg-blend:overlay;--awb-bg-size:cover;--awb-width-large:50%;--awb-margin-top-large:0px;--awb-spacing-right-large:3.84%;--awb-margin-bottom-large:20px;--awb-spacing-left-large:3.84%;--awb-width-medium:100%;--awb-spacing-right-medium:1.92%;--awb-spacing-left-medium:1.92%;--awb-width-small:100%;--awb-spacing-right-small:1.92%;--awb-spacing-left-small:1.92%;\"><div class=\"fusion-column-wrapper fusion-flex-justify-content-flex-start fusion-content-layout-column\"><div class=\"fusion-text fusion-text-3\"><p>Sie k\u00f6nnen sich jederzeit mit uns in Verbindung setzen, indem Sie das untenstehende Kontaktformular ausf\u00fcllen. Wir werden Ihnen so schnell wie m\u00f6glich antworten.<\/p>\n<\/div><\/div><\/div><\/div><div class=\"fusion-form fusion-form-builder fusion-form-form-wrapper fusion-form-1794\" style=\"--awb-margin-top:0px;--awb-margin-bottom:0px;--awb-tooltip-text-color:#ffffff;--awb-tooltip-background-color:#333333;\" data-form-id=\"1794\" data-config=\"{&quot;form_id&quot;:&quot;1794&quot;,&quot;form_post_id&quot;:&quot;1794&quot;,&quot;post_id&quot;:15,&quot;form_type&quot;:&quot;ajax&quot;,&quot;confirmation_type&quot;:&quot;message&quot;,&quot;redirect_url&quot;:&quot;&quot;,&quot;redirect_timeout&quot;:&quot;0&quot;,&quot;field_labels&quot;:{&quot;prenom&quot;:&quot;&quot;,&quot;&quot;:&quot;&quot;,&quot;nom&quot;:&quot;&quot;,&quot;email&quot;:&quot;&quot;,&quot;message&quot;:&quot;&quot;},&quot;field_logics&quot;:{&quot;prenom&quot;:&quot;&quot;,&quot;&quot;:&quot;&quot;,&quot;nom&quot;:&quot;&quot;,&quot;email&quot;:&quot;&quot;,&quot;message&quot;:&quot;&quot;,&quot;submit_1&quot;:&quot;&quot;,&quot;notice_1&quot;:&quot;&quot;},&quot;field_types&quot;:{&quot;prenom&quot;:&quot;text&quot;,&quot;&quot;:&quot;phone_number&quot;,&quot;nom&quot;:&quot;text&quot;,&quot;email&quot;:&quot;email&quot;,&quot;message&quot;:&quot;textarea&quot;,&quot;submit_1&quot;:&quot;submit&quot;,&quot;recaptcha_1&quot;:&quot;recaptcha&quot;,&quot;notice_1&quot;:&quot;notice&quot;},&quot;nonce_method&quot;:&quot;ajax&quot;,&quot;form_views&quot;:&quot;ajax&quot;,&quot;form_views_counting&quot;:&quot;all&quot;}\"><form action=\"https:\/\/maisonorsini.com\/de\/kontakt-gastezimmer-ferienwohnung-avignon\/\" method=\"post\" class=\"fusion-form fusion-form-1794\" data-trp-original-action=\"https:\/\/maisonorsini.com\/de\/contact-chambres-hotes-gite-avignon\"><div class=\"fusion-fullwidth fullwidth-box fusion-builder-row-1-1 fusion-flex-container has-pattern-background has-mask-background nonhundred-percent-fullwidth non-hundred-percent-height-scrolling\" style=\"--awb-border-radius-top-left:0px;--awb-border-radius-top-right:0px;--awb-border-radius-bottom-right:0px;--awb-border-radius-bottom-left:0px;--awb-padding-right:0px;--awb-padding-left:0px;--awb-flex-wrap:wrap;\" ><div class=\"fusion-builder-row fusion-row fusion-flex-align-items-flex-start fusion-flex-content-wrap\" style=\"width:104% !important;max-width:104% !important;margin-left: calc(-4% \/ 2 );margin-right: calc(-4% \/ 2 );\"><div class=\"fusion-layout-column fusion_builder_column fusion-builder-column-2 fusion_builder_column_1_2 1_2 fusion-flex-column\" style=\"--awb-bg-size:cover;--awb-width-large:50%;--awb-flex-grow:0;--awb-flex-shrink:0;--awb-margin-top-large:0px;--awb-spacing-right-large:3.84%;--awb-margin-bottom-large:0px;--awb-spacing-left-large:3.84%;--awb-width-medium:100%;--awb-order-medium:0;--awb-flex-grow-medium:0;--awb-flex-shrink-medium:0;--awb-spacing-right-medium:1.92%;--awb-spacing-left-medium:1.92%;--awb-width-small:100%;--awb-order-small:0;--awb-flex-grow-small:0;--awb-flex-shrink-small:0;--awb-spacing-right-small:1.92%;--awb-spacing-left-small:1.92%;\" data-scroll-devices=\"small-visibility,medium-visibility,large-visibility\"><div class=\"fusion-column-wrapper fusion-column-has-shadow fusion-flex-justify-content-flex-start fusion-content-layout-column\"><div class=\"fusion-form-field fusion-form-text-field fusion-form-label-above\" style=\"\" data-form-id=\"1794\"><input type=\"text\" autocomplete=\"off\" name=\"prenom\" id=\"prenom\" value=\"\"  class=\"fusion-form-input\" required=\"true\" aria-required=\"true\" placeholder=\"Ihr Vorname *\" data-holds-private-data=\"false\" minlength=\"0\"\/><\/div><div class=\"fusion-form-field fusion-form-phone-number-field fusion-form-label-above\" style=\"\" data-form-id=\"1794\"><input type=\"tel\" autocomplete=\"off\" name=\"\" id=\"\" value=\"\"  class=\"fusion-form-input\" required=\"true\" aria-required=\"true\" placeholder=\"Ihre Telefonnummer *\" data-holds-private-data=\"false\"\/><\/div><\/div><\/div><div class=\"fusion-layout-column fusion_builder_column fusion-builder-column-3 fusion_builder_column_1_2 1_2 fusion-flex-column\" style=\"--awb-bg-size:cover;--awb-width-large:50%;--awb-flex-grow:0;--awb-flex-shrink:0;--awb-margin-top-large:0px;--awb-spacing-right-large:3.84%;--awb-margin-bottom-large:0px;--awb-spacing-left-large:3.84%;--awb-width-medium:100%;--awb-order-medium:0;--awb-flex-grow-medium:0;--awb-flex-shrink-medium:0;--awb-spacing-right-medium:1.92%;--awb-spacing-left-medium:1.92%;--awb-width-small:100%;--awb-order-small:0;--awb-flex-grow-small:0;--awb-flex-shrink-small:0;--awb-spacing-right-small:1.92%;--awb-spacing-left-small:1.92%;\" data-scroll-devices=\"small-visibility,medium-visibility,large-visibility\"><div class=\"fusion-column-wrapper fusion-column-has-shadow fusion-flex-justify-content-flex-start fusion-content-layout-column\"><div class=\"fusion-form-field fusion-form-text-field fusion-form-label-above\" style=\"\" data-form-id=\"1794\"><input type=\"text\" autocomplete=\"off\" name=\"nom\" id=\"nom\" value=\"\"  class=\"fusion-form-input\" required=\"true\" aria-required=\"true\" placeholder=\"Ihr Name *\" data-holds-private-data=\"false\" minlength=\"0\"\/><\/div><div class=\"fusion-form-field fusion-form-email-field fusion-form-label-above\" style=\"\" data-form-id=\"1794\"><input type=\"email\" autocomplete=\"off\" name=\"email\" id=\"email\" value=\"\"  class=\"fusion-form-input\" required=\"true\" aria-required=\"true\" placeholder=\"Ihre E-Mail *\" data-holds-private-data=\"false\"\/><\/div><\/div><\/div><div class=\"fusion-layout-column fusion_builder_column fusion-builder-column-4 fusion_builder_column_1_1 1_1 fusion-flex-column\" style=\"--awb-bg-size:cover;--awb-width-large:100%;--awb-flex-grow:0;--awb-flex-shrink:0;--awb-margin-top-large:0px;--awb-spacing-right-large:1.92%;--awb-margin-bottom-large:20px;--awb-spacing-left-large:1.92%;--awb-width-medium:100%;--awb-order-medium:0;--awb-flex-grow-medium:0;--awb-flex-shrink-medium:0;--awb-spacing-right-medium:1.92%;--awb-spacing-left-medium:1.92%;--awb-width-small:100%;--awb-order-small:0;--awb-flex-grow-small:0;--awb-flex-shrink-small:0;--awb-spacing-right-small:1.92%;--awb-spacing-left-small:1.92%;\"><div class=\"fusion-column-wrapper fusion-column-has-shadow fusion-flex-justify-content-flex-start fusion-content-layout-column\"><div class=\"fusion-form-field fusion-form-textarea-field fusion-form-label-above\" style=\"\" data-form-id=\"1794\"><textarea cols=\"40\" autocomplete=\"off\"  minlength=\"0\"  rows=\"4\" tabindex=\"\" id=\"message\" name=\"message\" class=\"fusion-form-input\" required=\"true\" aria-required=\"true\" placeholder=\"Ihre Nachricht *\" data-holds-private-data=\"false\"><\/textarea><\/div><div class=\"fusion-form-field fusion-form-submit-field fusion-form-label-above\" style=\"\" data-form-id=\"1794\"><div ><button type=\"submit\" class=\"fusion-button button-flat fusion-button-default-size button-default fusion-button-default button-1 fusion-button-default-span  button-default form-form-submit\" data-form-number=\"1794\" tabindex=\"\"><span class=\"fusion-button-text awb-button__text awb-button__text--default\">Senden Sie<\/span><\/button><\/div><\/div><div class=\"fusion-form-field fusion-form-recaptcha-field fusion-form-label-above\" style=\"\" data-form-id=\"1794\">\t\t\t\t<div class=\"form-creator-recaptcha\" >\n\t\t\t\t\t\t\t\t\t\t\t\t\t\t\t\t\t\t\t\t\t\t\t\t<div\n\t\t\t\t\t\t\tid=\"g-recaptcha-id-form-1794\"\n\t\t\t\t\t\t\tclass=\"fusion-form-recaptcha-v3 recaptcha-container  fusion-form-hide-recaptcha-badge\"\n\t\t\t\t\t\t\tdata-sitekey=\"6LdIQGMeAAAAAMBzij2PrzJMG6QcX54b3Ig8xG2O\"\n\t\t\t\t\t\t\tdata-badge=\"hide\">\n\t\t\t\t\t\t<\/div>\n\t\t\t\t\t\t<input\n\t\t\t\t\t\t\ttype=\"hidden\"\n\t\t\t\t\t\t\tname=\"fusion-form-recaptcha-response\"\n\t\t\t\t\t\t\tclass=\"g-recaptcha-response\"\n\t\t\t\t\t\t\tid=\"fusion-form-recaptcha-response-1794\"\n\t\t\t\t\t\t\tvalue=\"\">\n\t\t\t\t\t\t\t\t\t\t\t\t\t\t\t<\/div>\n\t\t\t\t<\/div><div class=\"form-submission-notices data-notice_1\" id=\"fusion-notices-1\"><div class=\"fusion-alert alert success alert-success fusion-alert-center fusion-form-response fusion-form-response-success fusion-alert-capitalize awb-alert-native-link-color alert-dismissable awb-alert-close-boxed\" role=\"alert\"><div class=\"fusion-alert-content-wrapper\"><span class=\"alert-icon\"><i class=\"awb-icon-check-circle\" aria-hidden=\"true\"><\/i><\/span><span class=\"fusion-alert-content\">Vielen Dank f\u00fcr Ihre Nachricht. Sie wurde gesendet.<\/span><\/div><button type=\"button\" class=\"close toggle-alert\" data-dismiss=\"alert\" aria-label=\"Close\">\u00d7<\/button><\/div><div class=\"fusion-alert alert error alert-danger fusion-alert-center fusion-form-response fusion-form-response-error fusion-alert-capitalize awb-alert-native-link-color alert-dismissable awb-alert-close-boxed\" role=\"alert\"><div class=\"fusion-alert-content-wrapper\"><span class=\"alert-icon\"><i class=\"awb-icon-exclamation-triangle\" aria-hidden=\"true\"><\/i><\/span><span class=\"fusion-alert-content\">Beim Versuch, Ihre Nachricht zu senden, ist ein Fehler aufgetreten. Bitte versuchen Sie es zu einem sp\u00e4teren Zeitpunkt erneut.<\/span><\/div><button type=\"button\" class=\"close toggle-alert\" data-dismiss=\"alert\" aria-label=\"Close\">\u00d7<\/button><\/div><\/div><\/div><\/div><\/div><\/div><input type=\"hidden\" name=\"fusion_privacy_store_ip_ua\" value=\"false\"><input type=\"hidden\" name=\"fusion_privacy_expiration_interval\" value=\"48\"><input type=\"hidden\" name=\"privacy_expiration_action\" value=\"anonymize\"><input type=\"hidden\" name=\"trp-form-language\" value=\"de\"\/><\/form><\/div><div class=\"fusion-separator\" style=\"align-self: flex-start;margin-right:auto;margin-bottom:30px;width:100%;max-width:50px;\"><div class=\"fusion-separator-border sep-single sep-solid\" style=\"--awb-height:20px;--awb-amount:20px;border-color:#e0dede;border-top-width:1px;\"><\/div><\/div><div ><a class=\"fusion-button button-flat fusion-button-default-size button-default fusion-button-default button-2 fusion-button-default-span fusion-button-default-type\" target=\"_blank\" rel=\"noopener noreferrer\" title=\"Buchen Sie Ihren Taxitransfer\" aria-label=\"Buchen Sie Ihren Taxitransfer\" href=\"http:\/\/www.taxi-villeneuvelesavignon.fr\/contact\"><i class=\"fa fa-taxi awb-button__icon awb-button__icon--default button-icon-left\" aria-hidden=\"true\"><\/i><span class=\"fusion-button-text awb-button__text awb-button__text--default\">Buchen Sie Ihren Taxitransfer<\/span><\/a><\/div><\/div><\/div><\/div><\/div><div class=\"fusion-fullwidth fullwidth-box fusion-builder-row-2 fusion-flex-container hundred-percent-fullwidth non-hundred-percent-height-scrolling\" style=\"--awb-border-radius-top-left:0px;--awb-border-radius-top-right:0px;--awb-border-radius-bottom-right:0px;--awb-border-radius-bottom-left:0px;--awb-padding-top:0px;--awb-padding-right:0px;--awb-padding-bottom:0px;--awb-padding-left:0px;--awb-margin-top:0px;--awb-margin-bottom:0px;--awb-flex-wrap:wrap;\" ><div class=\"fusion-builder-row fusion-row fusion-flex-align-items-flex-start fusion-flex-content-wrap\" style=\"width:104% !important;max-width:104% !important;margin-left: calc(-4% \/ 2 );margin-right: calc(-4% \/ 2 );\"><div class=\"fusion-layout-column fusion_builder_column fusion-builder-column-5 fusion_builder_column_1_1 1_1 fusion-flex-column\" style=\"--awb-bg-blend:overlay;--awb-bg-size:cover;--awb-width-large:100%;--awb-flex-grow:0;--awb-flex-shrink:0;--awb-margin-top-large:0px;--awb-spacing-right-large:1.92%;--awb-margin-bottom-large:0px;--awb-spacing-left-large:1.92%;--awb-width-medium:100%;--awb-flex-grow-medium:0;--awb-flex-shrink-medium:0;--awb-spacing-right-medium:1.92%;--awb-spacing-left-medium:1.92%;--awb-width-small:100%;--awb-flex-grow-small:0;--awb-flex-shrink-small:0;--awb-spacing-right-small:1.92%;--awb-spacing-left-small:1.92%;\"><div class=\"fusion-column-wrapper fusion-flex-justify-content-flex-start fusion-content-layout-column\"><div style=\"--awb-height:520px;\" class=\"awb-openstreet-map awb-openstreet-map-1\" data-map-style=\"osm-carto\" data-map-type=\"marker\" data-zoom=\"14\" data-zoomsnap=\"1.0\" data-zoomcontrol=\"1\" data-scrollwheelzoom=\"1\" data-dragging=\"1\" data-touchzoom=\"1\" data-dbclickzoom=\"1\" data-fitbounds=\"1\" data-shape-color=\"rgba(43,160,163,1)\" data-shape-weight=\"3\"><div class=\"awb-openstreet-map-marker awb-openstreet-map-marker-1\" data-latitude=\"43.9614513\" data-longitude=\"4.7976563\" data-icon=\"fa-map-marker-alt fas\" data-action=\"static_close_on\"><div class=\"awb-openstreet-map-marker-icon-wrapper\" style=\"--awb-size:47px;--awb-color:#0a0a0a;\"><i class=\"fa-map-marker-alt fas\"><\/i><\/div><div class=\"awb-openstreet-map-content-wrapper\"><div class=\"awb-openstreet-map-marker-content\">21 Rue Mont\u00e9e de la Tour<br \/>\nVilleneuve-l\u00e8s-Avignon 30400<\/div><\/div><\/div><\/div><\/div><\/div><\/div><\/div><\/p>","protected":false},"excerpt":{"rendered":"","protected":false},"author":1,"featured_media":0,"parent":0,"menu_order":0,"comment_status":"closed","ping_status":"closed","template":"100-width.php","meta":{"footnotes":""},"class_list":["post-15","page","type-page","status-publish","hentry"],"yoast_head":"<!-- This site is optimized with the Yoast SEO plugin v27.6 - https:\/\/yoast.com\/product\/yoast-seo-wordpress\/ -->\n<title>Contact Chambres h\u00f4tes \u00e0 Avignon en Provence - G\u00eetes et Chambre d&#039;H\u00f4tes - Maison Orsini<\/title>\n<meta name=\"robots\" content=\"index, follow, max-snippet:-1, max-image-preview:large, max-video-preview:-1\" \/>\n<link rel=\"canonical\" href=\"https:\/\/maisonorsini.com\/de\/kontakt-gastezimmer-ferienwohnung-avignon\/\" \/>\n<meta property=\"og:locale\" content=\"de_DE\" \/>\n<meta property=\"og:type\" content=\"article\" \/>\n<meta property=\"og:title\" content=\"Contact Chambres h\u00f4tes \u00e0 Avignon en Provence - G\u00eetes et Chambre d&#039;H\u00f4tes - Maison Orsini\" \/>\n<meta property=\"og:url\" content=\"https:\/\/maisonorsini.com\/de\/kontakt-gastezimmer-ferienwohnung-avignon\/\" \/>\n<meta property=\"og:site_name\" content=\"G\u00eetes et Chambre d&#039;H\u00f4tes - Maison Orsini\" \/>\n<meta property=\"article:publisher\" content=\"https:\/\/www.facebook.com\/Maison.Orsini\/\" \/>\n<meta property=\"article:modified_time\" content=\"2025-05-05T07:43:43+00:00\" \/>\n<meta name=\"twitter:card\" content=\"summary_large_image\" \/>\n<meta name=\"twitter:label1\" content=\"Gesch\u00e4tzte Lesezeit\" \/>\n\t<meta name=\"twitter:data1\" content=\"2\u00a0Minuten\" \/>\n<!-- \/ Yoast SEO plugin. -->","yoast_head_json":{"title":"Contact Chambres h\u00f4tes \u00e0 Avignon en Provence - G\u00eetes et Chambre d&#039;H\u00f4tes - Maison Orsini","robots":{"index":"index","follow":"follow","max-snippet":"max-snippet:-1","max-image-preview":"max-image-preview:large","max-video-preview":"max-video-preview:-1"},"canonical":"https:\/\/maisonorsini.com\/de\/kontakt-gastezimmer-ferienwohnung-avignon\/","og_locale":"de_DE","og_type":"article","og_title":"Contact Chambres h\u00f4tes \u00e0 Avignon en Provence - G\u00eetes et Chambre d&#039;H\u00f4tes - Maison Orsini","og_url":"https:\/\/maisonorsini.com\/de\/kontakt-gastezimmer-ferienwohnung-avignon\/","og_site_name":"G\u00eetes et Chambre d&#039;H\u00f4tes - Maison Orsini","article_publisher":"https:\/\/www.facebook.com\/Maison.Orsini\/","article_modified_time":"2025-05-05T07:43:43+00:00","twitter_card":"summary_large_image","twitter_misc":{"Gesch\u00e4tzte Lesezeit":"2\u00a0Minuten"},"schema":{"@context":"https:\/\/schema.org","@graph":[{"@type":"WebPage","@id":"https:\/\/maisonorsini.com\/contact-chambres-hotes-gite-avignon","url":"https:\/\/maisonorsini.com\/contact-chambres-hotes-gite-avignon","name":"Contact Chambres h\u00f4tes \u00e0 Avignon en Provence - G\u00eetes et Chambre d&#039;H\u00f4tes - Maison Orsini","isPartOf":{"@id":"https:\/\/maisonorsini.com\/#website"},"datePublished":"2015-02-10T19:22:07+00:00","dateModified":"2025-05-05T07:43:43+00:00","breadcrumb":{"@id":"https:\/\/maisonorsini.com\/contact-chambres-hotes-gite-avignon#breadcrumb"},"inLanguage":"de","potentialAction":[{"@type":"ReadAction","target":["https:\/\/maisonorsini.com\/contact-chambres-hotes-gite-avignon"]}]},{"@type":"BreadcrumbList","@id":"https:\/\/maisonorsini.com\/contact-chambres-hotes-gite-avignon#breadcrumb","itemListElement":[{"@type":"ListItem","position":1,"name":"Accueil","item":"https:\/\/maisonorsini.com\/"},{"@type":"ListItem","position":2,"name":"Contact Chambres h\u00f4tes \u00e0 Avignon en Provence"}]},{"@type":"WebSite","@id":"https:\/\/maisonorsini.com\/#website","url":"https:\/\/maisonorsini.com\/","name":"Ferienwohnungen und G\u00e4stezimmer - Maison Orsini","description":"Charmantes G\u00e4stehaus in Villeneuve-l\u00e8s-Avignon","potentialAction":[{"@type":"SearchAction","target":{"@type":"EntryPoint","urlTemplate":"https:\/\/maisonorsini.com\/?s={search_term_string}"},"query-input":{"@type":"PropertyValueSpecification","valueRequired":true,"valueName":"search_term_string"}}],"inLanguage":"de"}]}},"_links":{"self":[{"href":"https:\/\/maisonorsini.com\/de\/wp-json\/wp\/v2\/pages\/15","targetHints":{"allow":["GET"]}}],"collection":[{"href":"https:\/\/maisonorsini.com\/de\/wp-json\/wp\/v2\/pages"}],"about":[{"href":"https:\/\/maisonorsini.com\/de\/wp-json\/wp\/v2\/types\/page"}],"author":[{"embeddable":true,"href":"https:\/\/maisonorsini.com\/de\/wp-json\/wp\/v2\/users\/1"}],"replies":[{"embeddable":true,"href":"https:\/\/maisonorsini.com\/de\/wp-json\/wp\/v2\/comments?post=15"}],"version-history":[{"count":0,"href":"https:\/\/maisonorsini.com\/de\/wp-json\/wp\/v2\/pages\/15\/revisions"}],"wp:attachment":[{"href":"https:\/\/maisonorsini.com\/de\/wp-json\/wp\/v2\/media?parent=15"}],"curies":[{"name":"wp","href":"https:\/\/api.w.org\/{rel}","templated":true}]}}