{"id":775,"date":"2018-02-26T11:25:55","date_gmt":"2018-02-26T11:25:55","guid":{"rendered":"http:\/\/preprod.maisonorsini.com\/?page_id=775"},"modified":"2022-02-07T19:18:10","modified_gmt":"2022-02-07T18:18:10","slug":"tourism-itineraries-provence-avignon","status":"publish","type":"page","link":"https:\/\/maisonorsini.com\/en\/tourisme-itineraires-touristiques-provence-avignon","title":{"rendered":"Tourism - Sightseeing itineraries around Avignon en Provence"},"content":{"rendered":"<div class=\"fusion-fullwidth fullwidth-box fusion-builder-row-1 fusion-flex-container hundred-percent-fullwidth non-hundred-percent-height-scrolling\" style=\"--awb-border-radius-top-left:0px;--awb-border-radius-top-right:0px;--awb-border-radius-bottom-right:0px;--awb-border-radius-bottom-left:0px;--awb-padding-top:0px;--awb-padding-right:0px;--awb-padding-bottom:0px;--awb-padding-left:0px;--awb-flex-wrap:wrap;\" ><div class=\"fusion-builder-row fusion-row fusion-flex-align-items-flex-start fusion-flex-content-wrap\" style=\"width:104% !important;max-width:104% !important;margin-left: calc(-4% \/ 2 );margin-right: calc(-4% \/ 2 );\"><div class=\"fusion-layout-column fusion_builder_column fusion-builder-column-0 fusion_builder_column_1_1 1_1 fusion-flex-column\" style=\"--awb-bg-size:cover;--awb-width-large:100%;--awb-margin-top-large:0px;--awb-spacing-right-large:1.92%;--awb-margin-bottom-large:20px;--awb-spacing-left-large:1.92%;--awb-width-medium:100%;--awb-spacing-right-medium:1.92%;--awb-spacing-left-medium:1.92%;--awb-width-small:100%;--awb-spacing-right-small:1.92%;--awb-spacing-left-small:1.92%;\"><div class=\"fusion-column-wrapper fusion-flex-justify-content-flex-start fusion-content-layout-column\"><div class=\"fusion-image-element\" style=\"text-align:center;--awb-caption-title-font-family:var(--h2_typography-font-family);--awb-caption-title-font-weight:var(--h2_typography-font-weight);--awb-caption-title-font-style:var(--h2_typography-font-style);--awb-caption-title-size:var(--h2_typography-font-size);--awb-caption-title-transform:var(--h2_typography-text-transform);--awb-caption-title-line-height:var(--h2_typography-line-height);--awb-caption-title-letter-spacing:var(--h2_typography-letter-spacing);\"><span class=\"fusion-imageframe imageframe-none imageframe-1 hover-type-none\"><img decoding=\"async\" width=\"100\" height=\"127\" alt=\"blason maison orsini bed and breakfast gites villeneuve les avignon\" title=\"blason-maison-orsini-chambre-d&#039;h\u00f4tes-villeneuve-les-avignon-petit\" src=\"data:image\/svg+xml,%3Csvg%20xmlns%3D%27http%3A%2F%2Fwww.w3.org%2F2000%2Fsvg%27%20width%3D%27100%27%20height%3D%27127%27%20viewBox%3D%270%200%20100%20127%27%3E%3Crect%20width%3D%27100%27%20height%3D%27127%27%20fill-opacity%3D%220%22%2F%3E%3C%2Fsvg%3E\" data-orig-src=\"https:\/\/maisonorsini.com\/wp-content\/uploads\/2018\/03\/blason-maison-orsini-chambre-dh\u00f4tes-villeneuve-les-avignon-petit.png\" class=\"lazyload img-responsive wp-image-1410\"\/><\/span><\/div><div class=\"fusion-text fusion-text-1\"><h1 style=\"text-align: center; margin-top: 30px; margin-bottom: 20px;\">Tourist activities and itineraries<\/h1>\n<h2 style=\"text-align: center; margin-top: 10px;\">Discover Provence and Languedoc<\/h2>\n<\/div><div style=\"text-align:center;\"><a class=\"fusion-button button-flat button-large button-default fusion-button-default button-1 fusion-button-default-span fusion-button-default-type\" target=\"_self\" title=\"Book your private tour\" aria-label=\"Book your private tour\" href=\"http:\/\/www.taxi-villeneuvelesavignon.fr\/circuits-touristiques-taxi-thierry-perfetti-villeneuve-les-avignon\"><span class=\"fusion-button-text awb-button__text awb-button__text--default\">Book your private tour<\/span><\/a><\/div><div class=\"fusion-separator fusion-full-width-sep\" style=\"align-self: center;margin-left: auto;margin-right: auto;margin-bottom:45px;width:100%;\"><\/div><div class=\"fusion-blog-shortcode fusion-blog-shortcode-1 fusion-blog-archive fusion-blog-layout-grid-wrapper fusion-blog-pagination\"><style type=\"text\/css\">.fusion-blog-shortcode-1 .fusion-blog-layout-grid .fusion-post-grid{padding:15px;}.fusion-blog-shortcode-1 .fusion-posts-container{margin-left: -15px !important; margin-right:-15px !important;}<\/style><div class=\"fusion-posts-container fusion-posts-container-pagination fusion-no-meta-info fusion-blog-rollover fusion-blog-layout-grid fusion-blog-layout-grid-3 isotope fusion-blog-layout-masonry\" data-pages=\"1\" data-grid-col-space=\"30\" style=\"margin: -15px -15px 0;min-height:500px;\"><article class=\"fusion-post-grid fusion-post-masonry post fusion-grid-sizer\"><\/article><article id=\"blog-1-post-1375\" class=\"fusion-post-masonry fusion-post-grid fusion-element-grid post-1375 post type-post status-publish format-standard has-post-thumbnail hentry category-activite-touristique\">\n<div class=\"fusion-post-wrapper\" style=\"background-color:rgba(255,255,255,1);border:1px solid #d8d8d8;border-bottom-width:3px;\"><div  class=\"fusion-masonry-element-container lazyload fusion-image-wrapper\" style=\"padding-top:calc((100% + 28px) * 0.8 - 15px);\" data-bg=\"https:\/\/maisonorsini.com\/wp-content\/uploads\/2018\/03\/scene-of-the-camargue-itineraire-touristique-par-maison-orsini.jpg\" aria-haspopup=\"true\">\n\t\t\t\t<img decoding=\"async\" width=\"700\" height=\"467\" src=\"https:\/\/maisonorsini.com\/wp-content\/uploads\/2018\/03\/scene-of-the-camargue-itineraire-touristique-par-maison-orsini.jpg\" class=\"attachment-full size-full lazyload wp-post-image\" alt=\"camargue horses tourist itinerary alpilles by maison orsini\" srcset=\"data:image\/svg+xml,%3Csvg%20xmlns%3D%27http%3A%2F%2Fwww.w3.org%2F2000%2Fsvg%27%20width%3D%27700%27%20height%3D%27467%27%20viewBox%3D%270%200%20700%20467%27%3E%3Crect%20width%3D%27700%27%20height%3D%27467%27%20fill-opacity%3D%220%22%2F%3E%3C%2Fsvg%3E\" data-orig-src=\"https:\/\/maisonorsini.com\/wp-content\/uploads\/2018\/03\/scene-of-the-camargue-itineraire-touristique-par-maison-orsini.jpg\" data-srcset=\"https:\/\/maisonorsini.com\/wp-content\/uploads\/2018\/03\/scene-of-the-camargue-itineraire-touristique-par-maison-orsini-200x133.jpg 200w, https:\/\/maisonorsini.com\/wp-content\/uploads\/2018\/03\/scene-of-the-camargue-itineraire-touristique-par-maison-orsini-400x267.jpg 400w, https:\/\/maisonorsini.com\/wp-content\/uploads\/2018\/03\/scene-of-the-camargue-itineraire-touristique-par-maison-orsini-600x400.jpg 600w, https:\/\/maisonorsini.com\/wp-content\/uploads\/2018\/03\/scene-of-the-camargue-itineraire-touristique-par-maison-orsini.jpg 700w\" data-sizes=\"auto\" \/><div class=\"fusion-rollover\">\n\t<div class=\"fusion-rollover-content\">\n\n\t\t\t\t\n\t\t\n\t\t\t\t\t\t\t\t\n\t\t\t\t\t\t\t\t\n\t\t\n\t\t\t\t\t\t<a class=\"fusion-link-wrapper\" href=\"https:\/\/maisonorsini.com\/en\/itineraire-touristique-alpilles-camargue-provence\" aria-label=\"Alpilles and Camargue\"><\/a>\n\t<\/div>\n<\/div>\n<\/div>\n<div class=\"fusion-post-content-wrapper\" style=\"padding:30px 25px 20px 25px;background-color:rgba(255,255,255,1);\"><div class=\"fusion-post-content post-content\"><h2 class=\"blog-shortcode-post-title entry-title\"><a href=\"https:\/\/maisonorsini.com\/en\/itineraire-touristique-alpilles-camargue-provence\">Alpilles and Camargue<\/a><\/h2><\/div><\/div><div class=\"fusion-clearfix\"><\/div><\/div>\n<\/article>\n<article id=\"blog-1-post-1756\" class=\"fusion-post-masonry fusion-post-grid fusion-element-grid post-1756 post type-post status-publish format-standard has-post-thumbnail hentry category-activite-touristique\">\n<div class=\"fusion-post-wrapper\" style=\"background-color:rgba(255,255,255,1);border:1px solid #d8d8d8;border-bottom-width:3px;\"><div  class=\"fusion-masonry-element-container lazyload fusion-image-wrapper\" style=\"padding-top:calc((100% + 28px) * 0.8 - 15px);\" data-bg=\"https:\/\/maisonorsini.com\/wp-content\/uploads\/2022\/04\/festival-off-avignon-2022-3.jpg\" aria-haspopup=\"true\">\n\t\t\t\t<img decoding=\"async\" width=\"1023\" height=\"634\" src=\"https:\/\/maisonorsini.com\/wp-content\/uploads\/2022\/04\/festival-off-avignon-2022-3.jpg\" class=\"attachment-full size-full lazyload wp-post-image\" alt=\"\" srcset=\"data:image\/svg+xml,%3Csvg%20xmlns%3D%27http%3A%2F%2Fwww.w3.org%2F2000%2Fsvg%27%20width%3D%271023%27%20height%3D%27634%27%20viewBox%3D%270%200%201023%20634%27%3E%3Crect%20width%3D%271023%27%20height%3D%27634%27%20fill-opacity%3D%220%22%2F%3E%3C%2Fsvg%3E\" data-orig-src=\"https:\/\/maisonorsini.com\/wp-content\/uploads\/2022\/04\/festival-off-avignon-2022-3.jpg\" data-srcset=\"https:\/\/maisonorsini.com\/wp-content\/uploads\/2022\/04\/festival-off-avignon-2022-3-200x124.jpg 200w, https:\/\/maisonorsini.com\/wp-content\/uploads\/2022\/04\/festival-off-avignon-2022-3-400x248.jpg 400w, https:\/\/maisonorsini.com\/wp-content\/uploads\/2022\/04\/festival-off-avignon-2022-3-600x372.jpg 600w, https:\/\/maisonorsini.com\/wp-content\/uploads\/2022\/04\/festival-off-avignon-2022-3-800x496.jpg 800w, https:\/\/maisonorsini.com\/wp-content\/uploads\/2022\/04\/festival-off-avignon-2022-3.jpg 1023w\" data-sizes=\"auto\" \/><div class=\"fusion-rollover\">\n\t<div class=\"fusion-rollover-content\">\n\n\t\t\t\t\n\t\t\n\t\t\t\t\t\t\t\t\n\t\t\t\t\t\t\t\t\n\t\t\n\t\t\t\t\t\t<a class=\"fusion-link-wrapper\" href=\"https:\/\/maisonorsini.com\/en\/decouvrir-festival-avignon-2022\" aria-label=\"Festival d&#039;Avignon 2022: don&#039;t miss the festival of 1000 shows\"><\/a>\n\t<\/div>\n<\/div>\n<\/div>\n<div class=\"fusion-post-content-wrapper\" style=\"padding:30px 25px 20px 25px;background-color:rgba(255,255,255,1);\"><div class=\"fusion-post-content post-content\"><h2 class=\"blog-shortcode-post-title entry-title\"><a href=\"https:\/\/maisonorsini.com\/en\/decouvrir-festival-avignon-2022\">Festival d'Avignon 2022: don't miss the festival of 1000 shows<\/a><\/h2><\/div><\/div><div class=\"fusion-clearfix\"><\/div><\/div>\n<\/article>\n<article id=\"blog-1-post-1290\" class=\"fusion-post-masonry fusion-post-grid fusion-element-landscape post-1290 post type-post status-publish format-standard has-post-thumbnail hentry category-activite-touristique\">\n<div class=\"fusion-post-wrapper\" style=\"background-color:rgba(255,255,255,1);border:1px solid #d8d8d8;border-bottom-width:3px;\"><div  class=\"fusion-masonry-element-container lazyload fusion-image-wrapper\" style=\"padding-top:calc((100% + 24px) * 0.4 - 15px);\" data-bg=\"https:\/\/maisonorsini.com\/wp-content\/uploads\/2018\/03\/gordes-france-2.jpg\" aria-haspopup=\"true\">\n\t\t\t\t<img decoding=\"async\" width=\"860\" height=\"364\" src=\"https:\/\/maisonorsini.com\/wp-content\/uploads\/2018\/03\/gordes-france-2.jpg\" class=\"attachment-full size-full lazyload wp-post-image\" alt=\"\" srcset=\"data:image\/svg+xml,%3Csvg%20xmlns%3D%27http%3A%2F%2Fwww.w3.org%2F2000%2Fsvg%27%20width%3D%27860%27%20height%3D%27364%27%20viewBox%3D%270%200%20860%20364%27%3E%3Crect%20width%3D%27860%27%20height%3D%27364%27%20fill-opacity%3D%220%22%2F%3E%3C%2Fsvg%3E\" data-orig-src=\"https:\/\/maisonorsini.com\/wp-content\/uploads\/2018\/03\/gordes-france-2.jpg\" data-srcset=\"https:\/\/maisonorsini.com\/wp-content\/uploads\/2018\/03\/gordes-france-2-200x85.jpg 200w, https:\/\/maisonorsini.com\/wp-content\/uploads\/2018\/03\/gordes-france-2-400x169.jpg 400w, https:\/\/maisonorsini.com\/wp-content\/uploads\/2018\/03\/gordes-france-2-600x254.jpg 600w, https:\/\/maisonorsini.com\/wp-content\/uploads\/2018\/03\/gordes-france-2-800x339.jpg 800w, https:\/\/maisonorsini.com\/wp-content\/uploads\/2018\/03\/gordes-france-2.jpg 860w\" data-sizes=\"auto\" \/><div class=\"fusion-rollover\">\n\t<div class=\"fusion-rollover-content\">\n\n\t\t\t\t\n\t\t\n\t\t\t\t\t\t\t\t\n\t\t\t\t\t\t\t\t\n\t\t\n\t\t\t\t\t\t<a class=\"fusion-link-wrapper\" href=\"https:\/\/maisonorsini.com\/en\/monts-de-vaucluse-luberon\" aria-label=\"Monts de Vaucluse &amp; Luberon\"><\/a>\n\t<\/div>\n<\/div>\n<\/div>\n<div class=\"fusion-post-content-wrapper\" style=\"padding:30px 25px 20px 25px;background-color:rgba(255,255,255,1);\"><div class=\"fusion-post-content post-content\"><h2 class=\"blog-shortcode-post-title entry-title\"><a href=\"https:\/\/maisonorsini.com\/en\/monts-de-vaucluse-luberon\">Monts de Vaucluse &amp; Luberon<\/a><\/h2><\/div><\/div><div class=\"fusion-clearfix\"><\/div><\/div>\n<\/article>\n<article id=\"blog-1-post-846\" class=\"fusion-post-masonry fusion-post-grid fusion-element-grid post-846 post type-post status-publish format-standard has-post-thumbnail hentry category-activite-touristique\">\n<div class=\"fusion-post-wrapper\" style=\"background-color:rgba(255,255,255,1);border:1px solid #d8d8d8;border-bottom-width:3px;\"><div  class=\"fusion-masonry-element-container lazyload fusion-image-wrapper\" style=\"padding-top:calc((100% + 28px) * 0.8 - 15px);\" data-bg=\"https:\/\/maisonorsini.com\/wp-content\/uploads\/2018\/02\/visitez-palais-des-papes-maison-orsini-avignon.jpg\" aria-haspopup=\"true\">\n\t\t\t\t<img decoding=\"async\" width=\"1000\" height=\"647\" src=\"https:\/\/maisonorsini.com\/wp-content\/uploads\/2018\/02\/visitez-palais-des-papes-maison-orsini-avignon.jpg\" class=\"attachment-full size-full lazyload wp-post-image\" alt=\"\" srcset=\"data:image\/svg+xml,%3Csvg%20xmlns%3D%27http%3A%2F%2Fwww.w3.org%2F2000%2Fsvg%27%20width%3D%271000%27%20height%3D%27647%27%20viewBox%3D%270%200%201000%20647%27%3E%3Crect%20width%3D%271000%27%20height%3D%27647%27%20fill-opacity%3D%220%22%2F%3E%3C%2Fsvg%3E\" data-orig-src=\"https:\/\/maisonorsini.com\/wp-content\/uploads\/2018\/02\/visitez-palais-des-papes-maison-orsini-avignon.jpg\" data-srcset=\"https:\/\/maisonorsini.com\/wp-content\/uploads\/2018\/02\/visitez-palais-des-papes-maison-orsini-avignon-200x129.jpg 200w, https:\/\/maisonorsini.com\/wp-content\/uploads\/2018\/02\/visitez-palais-des-papes-maison-orsini-avignon-400x259.jpg 400w, https:\/\/maisonorsini.com\/wp-content\/uploads\/2018\/02\/visitez-palais-des-papes-maison-orsini-avignon-600x388.jpg 600w, https:\/\/maisonorsini.com\/wp-content\/uploads\/2018\/02\/visitez-palais-des-papes-maison-orsini-avignon-800x518.jpg 800w, https:\/\/maisonorsini.com\/wp-content\/uploads\/2018\/02\/visitez-palais-des-papes-maison-orsini-avignon.jpg 1000w\" data-sizes=\"auto\" \/><div class=\"fusion-rollover\">\n\t<div class=\"fusion-rollover-content\">\n\n\t\t\t\t\n\t\t\n\t\t\t\t\t\t\t\t\n\t\t\t\t\t\t\t\t\n\t\t\n\t\t\t\t\t\t<a class=\"fusion-link-wrapper\" href=\"https:\/\/maisonorsini.com\/en\/visitez-le-palais-des-papes\" aria-label=\"Visit the Palais des Papes\"><\/a>\n\t<\/div>\n<\/div>\n<\/div>\n<div class=\"fusion-post-content-wrapper\" style=\"padding:30px 25px 20px 25px;background-color:rgba(255,255,255,1);\"><div class=\"fusion-post-content post-content\"><h2 class=\"blog-shortcode-post-title entry-title\"><a href=\"https:\/\/maisonorsini.com\/en\/visitez-le-palais-des-papes\">Visit the Palais des Papes<\/a><\/h2><\/div><\/div><div class=\"fusion-clearfix\"><\/div><\/div>\n<\/article>\n<div class=\"fusion-clearfix\"><\/div><\/div><\/div><\/div><\/div><\/div><\/div>","protected":false},"excerpt":{"rendered":"","protected":false},"author":1,"featured_media":1311,"parent":0,"menu_order":0,"comment_status":"closed","ping_status":"closed","template":"","meta":{"footnotes":""},"class_list":["post-775","page","type-page","status-publish","has-post-thumbnail","hentry"],"yoast_head":"<!-- This site is optimized with the Yoast SEO plugin v27.6 - https:\/\/yoast.com\/product\/yoast-seo-wordpress\/ -->\n<title>Tourisme - Itin\u00e9raires touristiques aux alentours d&#039;Avignon en Provence - G\u00eetes et Chambre d&#039;H\u00f4tes - Maison Orsini<\/title>\n<meta name=\"robots\" content=\"index, follow, max-snippet:-1, max-image-preview:large, max-video-preview:-1\" \/>\n<link rel=\"canonical\" href=\"https:\/\/maisonorsini.com\/en\/tourism-itineraries-provence-avignon\/\" \/>\n<meta property=\"og:locale\" content=\"en_GB\" \/>\n<meta property=\"og:type\" content=\"article\" \/>\n<meta property=\"og:title\" content=\"Tourisme - Itin\u00e9raires touristiques aux alentours d&#039;Avignon en Provence - G\u00eetes et Chambre d&#039;H\u00f4tes - Maison Orsini\" \/>\n<meta property=\"og:url\" content=\"https:\/\/maisonorsini.com\/en\/tourism-itineraries-provence-avignon\/\" \/>\n<meta property=\"og:site_name\" content=\"G\u00eetes et Chambre d&#039;H\u00f4tes - Maison Orsini\" \/>\n<meta property=\"article:publisher\" content=\"https:\/\/www.facebook.com\/Maison.Orsini\/\" \/>\n<meta property=\"article:modified_time\" content=\"2022-02-07T18:18:10+00:00\" \/>\n<meta property=\"og:image\" content=\"https:\/\/maisonorsini.com\/wp-content\/uploads\/2018\/03\/gordes-france-2.jpg\" \/>\n\t<meta property=\"og:image:width\" content=\"860\" \/>\n\t<meta property=\"og:image:height\" content=\"364\" \/>\n\t<meta property=\"og:image:type\" content=\"image\/jpeg\" \/>\n<meta name=\"twitter:card\" content=\"summary_large_image\" \/>\n<meta name=\"twitter:label1\" content=\"Estimated reading time\" \/>\n\t<meta name=\"twitter:data1\" content=\"1 minute\" \/>\n<!-- \/ Yoast SEO plugin. -->","yoast_head_json":{"title":"Tourisme - Itin\u00e9raires touristiques aux alentours d'Avignon en Provence - G\u00eetes et Chambre d&#039;H\u00f4tes - Maison Orsini","robots":{"index":"index","follow":"follow","max-snippet":"max-snippet:-1","max-image-preview":"max-image-preview:large","max-video-preview":"max-video-preview:-1"},"canonical":"https:\/\/maisonorsini.com\/en\/tourism-itineraries-provence-avignon\/","og_locale":"en_GB","og_type":"article","og_title":"Tourisme - Itin\u00e9raires touristiques aux alentours d'Avignon en Provence - G\u00eetes et Chambre d&#039;H\u00f4tes - Maison Orsini","og_url":"https:\/\/maisonorsini.com\/en\/tourism-itineraries-provence-avignon\/","og_site_name":"G\u00eetes et Chambre d&#039;H\u00f4tes - Maison Orsini","article_publisher":"https:\/\/www.facebook.com\/Maison.Orsini\/","article_modified_time":"2022-02-07T18:18:10+00:00","og_image":[{"width":860,"height":364,"url":"https:\/\/maisonorsini.com\/wp-content\/uploads\/2018\/03\/gordes-france-2.jpg","type":"image\/jpeg"}],"twitter_card":"summary_large_image","twitter_misc":{"Estimated reading time":"1 minute"},"schema":{"@context":"https:\/\/schema.org","@graph":[{"@type":"WebPage","@id":"https:\/\/maisonorsini.com\/tourisme-itineraires-touristiques-provence-avignon","url":"https:\/\/maisonorsini.com\/tourisme-itineraires-touristiques-provence-avignon","name":"Tourisme - Itin\u00e9raires touristiques aux alentours d'Avignon en Provence - G\u00eetes et Chambre d&#039;H\u00f4tes - Maison Orsini","isPartOf":{"@id":"https:\/\/maisonorsini.com\/#website"},"primaryImageOfPage":{"@id":"https:\/\/maisonorsini.com\/tourisme-itineraires-touristiques-provence-avignon#primaryimage"},"image":{"@id":"https:\/\/maisonorsini.com\/tourisme-itineraires-touristiques-provence-avignon#primaryimage"},"thumbnailUrl":"https:\/\/maisonorsini.com\/wp-content\/uploads\/2018\/03\/gordes-france-2.jpg","datePublished":"2018-02-26T11:25:55+00:00","dateModified":"2022-02-07T18:18:10+00:00","breadcrumb":{"@id":"https:\/\/maisonorsini.com\/tourisme-itineraires-touristiques-provence-avignon#breadcrumb"},"inLanguage":"en-GB","potentialAction":[{"@type":"ReadAction","target":["https:\/\/maisonorsini.com\/tourisme-itineraires-touristiques-provence-avignon"]}]},{"@type":"ImageObject","inLanguage":"en-GB","@id":"https:\/\/maisonorsini.com\/tourisme-itineraires-touristiques-provence-avignon#primaryimage","url":"https:\/\/maisonorsini.com\/wp-content\/uploads\/2018\/03\/gordes-france-2.jpg","contentUrl":"https:\/\/maisonorsini.com\/wp-content\/uploads\/2018\/03\/gordes-france-2.jpg","width":860,"height":364},{"@type":"BreadcrumbList","@id":"https:\/\/maisonorsini.com\/tourisme-itineraires-touristiques-provence-avignon#breadcrumb","itemListElement":[{"@type":"ListItem","position":1,"name":"Accueil","item":"https:\/\/maisonorsini.com\/"},{"@type":"ListItem","position":2,"name":"Tourisme &#8211; Itin\u00e9raires touristiques aux alentours d&rsquo;Avignon en Provence"}]},{"@type":"WebSite","@id":"https:\/\/maisonorsini.com\/#website","url":"https:\/\/maisonorsini.com\/","name":"G\u00eetes and Chambre d'H\u00f4tes - Maison Orsini","description":"Charming guest house in Villeneuve-l\u00e8s-Avignon","potentialAction":[{"@type":"SearchAction","target":{"@type":"EntryPoint","urlTemplate":"https:\/\/maisonorsini.com\/?s={search_term_string}"},"query-input":{"@type":"PropertyValueSpecification","valueRequired":true,"valueName":"search_term_string"}}],"inLanguage":"en-GB"}]}},"_links":{"self":[{"href":"https:\/\/maisonorsini.com\/en\/wp-json\/wp\/v2\/pages\/775","targetHints":{"allow":["GET"]}}],"collection":[{"href":"https:\/\/maisonorsini.com\/en\/wp-json\/wp\/v2\/pages"}],"about":[{"href":"https:\/\/maisonorsini.com\/en\/wp-json\/wp\/v2\/types\/page"}],"author":[{"embeddable":true,"href":"https:\/\/maisonorsini.com\/en\/wp-json\/wp\/v2\/users\/1"}],"replies":[{"embeddable":true,"href":"https:\/\/maisonorsini.com\/en\/wp-json\/wp\/v2\/comments?post=775"}],"version-history":[{"count":0,"href":"https:\/\/maisonorsini.com\/en\/wp-json\/wp\/v2\/pages\/775\/revisions"}],"wp:featuredmedia":[{"embeddable":true,"href":"https:\/\/maisonorsini.com\/en\/wp-json\/wp\/v2\/media\/1311"}],"wp:attachment":[{"href":"https:\/\/maisonorsini.com\/en\/wp-json\/wp\/v2\/media?parent=775"}],"curies":[{"name":"wp","href":"https:\/\/api.w.org\/{rel}","templated":true}]}}