{"id":1137,"date":"2018-03-02T16:11:23","date_gmt":"2018-03-02T16:11:23","guid":{"rendered":"http:\/\/preprod.maisonorsini.com\/?page_id=1137"},"modified":"2023-10-20T10:12:09","modified_gmt":"2023-10-20T08:12:09","slug":"%ea%b7%b8%eb%a6%bc-%ea%b0%99%ec%9d%80-%ed%8c%9c%ed%8c%8c%eb%a6%ac%ea%b5%ac%ec%8a%a4%ed%8a%b8-%ed%95%98%ec%9a%b0%ec%8a%a4","status":"publish","type":"page","link":"https:\/\/maisonorsini.com\/ko\/gites-chambres-hotes-avignon-provence\/maison-pamparigouste-pittoresque","title":{"rendered":"\uba54\uc885 \ud31c\ud30c\ub9ac\uad6c\uc2a4\ud2b8 - \ud504\ub85c\ubc29\uc2a4\uc758 \uadf8\ub9bc \uac19\uc740 \uac8c\uc2a4\ud2b8 \ud558\uc6b0\uc2a4"},"content":{"rendered":"<p><div class=\"fusion-bg-parallax\" data-bg-align=\"center center\" data-direction=\"up\" data-mute=\"false\" data-opacity=\"100\" data-velocity=\"-0.2\" data-mobile-enabled=\"false\" data-break_parents=\"0\" data-bg-image=\"https:\/\/maisonorsini.com\/wp-content\/uploads\/2018\/03\/vue-panoramique-villeneuve-les-avignon-maison-hotes-orsini-pamparigouste-terrasse-1.png\" data-bg-repeat=\"false\" ><\/div><div class=\"fusion-fullwidth fullwidth-box fusion-builder-row-1 fusion-flex-container fusion-parallax-up nonhundred-percent-fullwidth non-hundred-percent-height-scrolling lazyload\" style=\"--awb-border-radius-top-left:0px;--awb-border-radius-top-right:0px;--awb-border-radius-bottom-right:0px;--awb-border-radius-bottom-left:0px;--awb-padding-top:150px;--awb-padding-right:0px;--awb-padding-bottom:150px;--awb-padding-left:0px;--awb-margin-top:0px;--awb-margin-bottom:30px;--awb-background-size:cover;--awb-flex-wrap:wrap;\" data-bg=\"https:\/\/maisonorsini.com\/wp-content\/uploads\/2018\/03\/vue-panoramique-villeneuve-les-avignon-maison-hotes-orsini-pamparigouste-terrasse-1.png\" ><div class=\"fusion-builder-row fusion-row fusion-flex-align-items-flex-start fusion-flex-content-wrap\" style=\"max-width:1216.8px;margin-left: calc(-4% \/ 2 );margin-right: calc(-4% \/ 2 );\"><div class=\"fusion-layout-column fusion_builder_column fusion-builder-column-0 fusion_builder_column_1_1 1_1 fusion-flex-column\" style=\"--awb-bg-size:cover;--awb-width-large:100%;--awb-margin-top-large:0px;--awb-spacing-right-large:1.92%;--awb-margin-bottom-large:20px;--awb-spacing-left-large:1.92%;--awb-width-medium:100%;--awb-spacing-right-medium:1.92%;--awb-spacing-left-medium:1.92%;--awb-width-small:100%;--awb-spacing-right-small:1.92%;--awb-spacing-left-small:1.92%;\"><div class=\"fusion-column-wrapper fusion-flex-justify-content-flex-start fusion-content-layout-column\"><div class=\"fusion-image-element\" style=\"text-align:center;--awb-caption-title-font-family:var(--h2_typography-font-family);--awb-caption-title-font-weight:var(--h2_typography-font-weight);--awb-caption-title-font-style:var(--h2_typography-font-style);--awb-caption-title-size:var(--h2_typography-font-size);--awb-caption-title-transform:var(--h2_typography-text-transform);--awb-caption-title-line-height:var(--h2_typography-line-height);--awb-caption-title-letter-spacing:var(--h2_typography-letter-spacing);\"><span class=\"fusion-imageframe imageframe-none imageframe-1 hover-type-none\"><img decoding=\"async\" width=\"200\" height=\"254\" title=\"\ube14\ub791\uc885 \uba54\uc885-\uc624\ub974\uc2dc\ub2c8-\uc0f4\ube0c\ub974-\ub4dc-\ud638\ud154-\ube4c\ub808\ub274\ube0c-\ub808-\uc544\ube44\ub1fd\" src=\"data:image\/svg+xml,%3Csvg%20xmlns%3D%27http%3A%2F%2Fwww.w3.org%2F2000%2Fsvg%27%20width%3D%27200%27%20height%3D%27254%27%20viewBox%3D%270%200%20200%20254%27%3E%3Crect%20width%3D%27200%27%20height%3D%27254%27%20fill-opacity%3D%220%22%2F%3E%3C%2Fsvg%3E\" data-orig-src=\"https:\/\/maisonorsini.com\/wp-content\/uploads\/2018\/02\/blason-maison-orsini-chambre-dh\u00f4tes-villeneuve-les-avignon-e1519641197689.png\" alt class=\"lazyload img-responsive wp-image-656\"\/><\/span><\/div><\/div><\/div><\/div><\/div><div class=\"fusion-fullwidth fullwidth-box fusion-builder-row-2 fusion-flex-container nonhundred-percent-fullwidth non-hundred-percent-height-scrolling\" style=\"--awb-border-radius-top-left:0px;--awb-border-radius-top-right:0px;--awb-border-radius-bottom-right:0px;--awb-border-radius-bottom-left:0px;--awb-padding-top:0px;--awb-padding-right:0px;--awb-padding-bottom:0px;--awb-padding-left:0px;--awb-flex-wrap:wrap;\" ><div class=\"fusion-builder-row fusion-row fusion-flex-align-items-flex-start fusion-flex-content-wrap\" style=\"max-width:1216.8px;margin-left: calc(-4% \/ 2 );margin-right: calc(-4% \/ 2 );\"><div class=\"fusion-layout-column fusion_builder_column fusion-builder-column-1 fusion_builder_column_1_6 1_6 fusion-flex-column\" style=\"--awb-bg-size:cover;--awb-width-large:16.666666666667%;--awb-margin-top-large:0px;--awb-spacing-right-large:11.52%;--awb-margin-bottom-large:20px;--awb-spacing-left-large:11.52%;--awb-width-medium:100%;--awb-spacing-right-medium:1.92%;--awb-spacing-left-medium:1.92%;--awb-width-small:100%;--awb-spacing-right-small:1.92%;--awb-spacing-left-small:1.92%;\"><div class=\"fusion-column-wrapper fusion-flex-justify-content-flex-start fusion-content-layout-column\"><\/div><\/div><div class=\"fusion-layout-column fusion_builder_column fusion-builder-column-2 fusion_builder_column_2_3 2_3 fusion-flex-column\" style=\"--awb-bg-size:cover;--awb-width-large:66.666666666667%;--awb-margin-top-large:0px;--awb-spacing-right-large:2.88%;--awb-margin-bottom-large:20px;--awb-spacing-left-large:2.88%;--awb-width-medium:100%;--awb-spacing-right-medium:1.92%;--awb-spacing-left-medium:1.92%;--awb-width-small:100%;--awb-spacing-right-small:1.92%;--awb-spacing-left-small:1.92%;\"><div class=\"fusion-column-wrapper fusion-flex-justify-content-flex-start fusion-content-layout-column\"><div class=\"fusion-text fusion-text-1\"><h1 style=\"text-align: center; margin-top: 20px;\">\ud31c\ud30c\ub9ac\uad6c\uc2a4\ud2b8 \uac8c\uc2a4\ud2b8 \ud558\uc6b0\uc2a4<\/h1>\n<h2 style=\"text-align: center;\">\ub450 \uac1c\uc758 \ub3c5\ub9bd\ub41c \uc2a4\uc704\ud2b8\ub8f8\uc774 \uc788\ub294 \uac8c\uc2a4\ud2b8 \ud558\uc6b0\uc2a4<\/h2>\n<p style=\"font-weight: 400; text-align: center;\"><em>\ud31c\ud30c\ub9ac\uad6c\uc2a4\ud1a0<\/em>\u00a0\uce74\uc2a4\ud154\ub780\uc5d0\uc11c \uc720\ub798\ud55c \uc6a9\uc5b4\u00a0<em>\ud31c\ud50c\ub85c\ub098<\/em>\ub098\ubc14\ub974\uc758 \ud55c \ub9c8\uc744\uc785\ub2c8\ub2e4. \ud504\ub85c\ubc29\uc2a4\uc5d0\uc11c\ub294 \uc0c1\uc0c1\uc758 \uba3c \ub545\uc744 \uac00\ub9ac\ud0a4\ub294 \ub9d0\uc785\ub2c8\ub2e4. \uce74\ud480\ub9ac\uc5d0 \ub9c8\ub9ac\uc6b0\uc2a4 \uc8fc\ubcf4\uc640 \uadf8\uc758 \uc544\ub4e4 \ub974\ub124 \uc8fc\ubcf4\uc758 \uc9d1\uc774\uc5c8\ub358 \uc774 \uc9d1\uc740 \uc808\ubcbd\uc5d0 \ubd99\uc5b4 \uc788\uc73c\uba70 \ub860 \uacc4\uace1\uacfc \ucf69\ud0c0\ud2b8 \ubca0\ub098\uc2e0\uc758 \ud0c1 \ud2b8\uc778 \uc804\ub9dd\uc744 \uc81c\uacf5\ud569\ub2c8\ub2e4. 1\uce35\uacfc 2\uce35\uc5d0 \uac01\uac01 \ub3c5\ub9bd\ub41c 2\uac1c\uc758 \uc2a4\uc704\ud2b8\ub8f8\uc73c\ub85c \ub098\ub258\uc5b4 \uc788\uc73c\uba70, \uac01 \uc2a4\uc704\ud2b8\ub8f8\uc5d0\ub294 \uc804\uc6a9 \ucd9c\uc785\uad6c\uc640 \ud14c\ub77c\uc2a4\uac00 \uc788\uc2b5\ub2c8\ub2e4.<\/p>\n<\/div><\/div><\/div><div class=\"fusion-layout-column fusion_builder_column fusion-builder-column-3 fusion_builder_column_1_6 1_6 fusion-flex-column\" style=\"--awb-bg-size:cover;--awb-width-large:16.666666666667%;--awb-margin-top-large:0px;--awb-spacing-right-large:11.52%;--awb-margin-bottom-large:20px;--awb-spacing-left-large:11.52%;--awb-width-medium:100%;--awb-spacing-right-medium:1.92%;--awb-spacing-left-medium:1.92%;--awb-width-small:100%;--awb-spacing-right-small:1.92%;--awb-spacing-left-small:1.92%;\"><div class=\"fusion-column-wrapper fusion-flex-justify-content-flex-start fusion-content-layout-column\"><\/div><\/div><div class=\"fusion-layout-column fusion_builder_column fusion-builder-column-4 fusion_builder_column_1_1 1_1 fusion-flex-column\" style=\"--awb-bg-size:cover;--awb-width-large:100%;--awb-margin-top-large:0px;--awb-spacing-right-large:1.92%;--awb-margin-bottom-large:20px;--awb-spacing-left-large:1.92%;--awb-width-medium:100%;--awb-spacing-right-medium:1.92%;--awb-spacing-left-medium:1.92%;--awb-width-small:100%;--awb-spacing-right-small:1.92%;--awb-spacing-left-small:1.92%;\"><div class=\"fusion-column-wrapper fusion-flex-justify-content-flex-start fusion-content-layout-column\"><style type=\"text\/css\">.fusion-portfolio-wrapper#fusion-portfolio-1 .fusion-portfolio-content{ padding: 25px 25px 25px 25px; text-align: center; }<\/style><div class=\"fusion-recent-works fusion-portfolio-element fusion-portfolio fusion-portfolio-1 fusion-portfolio-grid fusion-portfolio-paging-none fusion-portfolio-two fusion-portfolio-boxed fusion-portfolio-text fusion-portfolio-equal-heights fusion-portfolio-rollover\" data-id=\"-rw-1\" data-columns=\"two\"><style type=\"text\/css\">.fusion-portfolio-1 .fusion-portfolio-wrapper .fusion-col-spacing{padding:0px;}<\/style><div class=\"fusion-portfolio-wrapper\" id=\"fusion-portfolio-1\" data-picturesize=\"auto\" data-pages=\"1\" style=\"margin:-0px;\"><article id=\"portfolio-1-post-1134\" class=\"fusion-portfolio-post chambres-hotes-gites pamparigouste fusion-col-spacing post-1134\"><div class=\"fusion-portfolio-content-wrapper\" style=\"border:1px solid #d8d8d8;border-bottom-width:3px;background-color:rgba(255,255,255,0);\"><span class=\"vcard rich-snippet-hidden\"><span class=\"fn\"><a href=\"https:\/\/maisonorsini.com\/ko\/author\/adm-akdigital-18\" title=\"\uc791\uc131\uc790 adm-akdigital-18\uc758 \uae00\" rel=\"author\">adm-akdigital-18<\/a><\/span><\/span><span class=\"updated rich-snippet-hidden\">2025-06-25T11:28:30+02:00<\/span><div  class=\"fusion-image-wrapper\" aria-haspopup=\"true\">\n\t\t\t\t<img decoding=\"async\" width=\"1200\" height=\"798\" src=\"https:\/\/maisonorsini.com\/wp-content\/uploads\/2018\/03\/chambre-dhote-\u00e0-avignon-gite-en-provence-maison-orsini-pamparigouste-8.jpg\" class=\"attachment-full size-full lazyload wp-post-image\" alt=\"\" srcset=\"https:\/\/maisonorsini.com\/wp-content\/uploads\/2018\/03\/chambre-dhote-\u00e0-avignon-gite-en-provence-maison-orsini-pamparigouste-8-200x133.jpg 200w, https:\/\/maisonorsini.com\/wp-content\/uploads\/2018\/03\/chambre-dhote-\u00e0-avignon-gite-en-provence-maison-orsini-pamparigouste-8-300x200.jpg 300w, https:\/\/maisonorsini.com\/wp-content\/uploads\/2018\/03\/chambre-dhote-\u00e0-avignon-gite-en-provence-maison-orsini-pamparigouste-8-400x266.jpg 400w, https:\/\/maisonorsini.com\/wp-content\/uploads\/2018\/03\/chambre-dhote-\u00e0-avignon-gite-en-provence-maison-orsini-pamparigouste-8-600x399.jpg 600w, https:\/\/maisonorsini.com\/wp-content\/uploads\/2018\/03\/chambre-dhote-\u00e0-avignon-gite-en-provence-maison-orsini-pamparigouste-8-768x511.jpg 768w, https:\/\/maisonorsini.com\/wp-content\/uploads\/2018\/03\/chambre-dhote-\u00e0-avignon-gite-en-provence-maison-orsini-pamparigouste-8-800x532.jpg 800w, https:\/\/maisonorsini.com\/wp-content\/uploads\/2018\/03\/chambre-dhote-\u00e0-avignon-gite-en-provence-maison-orsini-pamparigouste-8-1024x681.jpg 1024w, https:\/\/maisonorsini.com\/wp-content\/uploads\/2018\/03\/chambre-dhote-\u00e0-avignon-gite-en-provence-maison-orsini-pamparigouste-8.jpg 1200w\" data-orig-src=\"https:\/\/maisonorsini.com\/wp-content\/uploads\/2018\/03\/chambre-dhote-\u00e0-avignon-gite-en-provence-maison-orsini-pamparigouste-8.jpg\" data-srcset=\"https:\/\/maisonorsini.com\/wp-content\/uploads\/2018\/03\/chambre-dhote-\u00e0-avignon-gite-en-provence-maison-orsini-pamparigouste-8-200x133.jpg 200w, https:\/\/maisonorsini.com\/wp-content\/uploads\/2018\/03\/chambre-dhote-\u00e0-avignon-gite-en-provence-maison-orsini-pamparigouste-8-300x200.jpg 300w, https:\/\/maisonorsini.com\/wp-content\/uploads\/2018\/03\/chambre-dhote-\u00e0-avignon-gite-en-provence-maison-orsini-pamparigouste-8-400x266.jpg 400w, https:\/\/maisonorsini.com\/wp-content\/uploads\/2018\/03\/chambre-dhote-\u00e0-avignon-gite-en-provence-maison-orsini-pamparigouste-8-600x399.jpg 600w, https:\/\/maisonorsini.com\/wp-content\/uploads\/2018\/03\/chambre-dhote-\u00e0-avignon-gite-en-provence-maison-orsini-pamparigouste-8-768x511.jpg 768w, https:\/\/maisonorsini.com\/wp-content\/uploads\/2018\/03\/chambre-dhote-\u00e0-avignon-gite-en-provence-maison-orsini-pamparigouste-8-800x532.jpg 800w, https:\/\/maisonorsini.com\/wp-content\/uploads\/2018\/03\/chambre-dhote-\u00e0-avignon-gite-en-provence-maison-orsini-pamparigouste-8-1024x681.jpg 1024w, https:\/\/maisonorsini.com\/wp-content\/uploads\/2018\/03\/chambre-dhote-\u00e0-avignon-gite-en-provence-maison-orsini-pamparigouste-8.jpg 1200w\" data-sizes=\"auto\" \/><div class=\"fusion-rollover\">\n\t<div class=\"fusion-rollover-content\">\n\n\t\t\t\t\n\t\t\n\t\t\t\t\t\t\t\t\n\t\t\t\t\t\t\t\t\n\t\t\n\t\t\t\t\t\t<a class=\"fusion-link-wrapper\" href=\"https:\/\/maisonorsini.com\/ko\/hebergement\/maison-pamparigouste-rdz\" aria-label=\"\ud31c\ud30c\ub9ac\uad6c\uc2a4\ud2b8 \uc2a4\uc704\ud2b8 1\uce35\"><\/a>\n\t<\/div>\n<\/div>\n<\/div>\n<div class=\"fusion-portfolio-content\" style=\"background-color:rgba(255,255,255,0);\"><h2 class=\"entry-title fusion-post-title\"><a href=\"https:\/\/maisonorsini.com\/ko\/hebergement\/maison-pamparigouste-rdz\">\ud31c\ud30c\ub9ac\uad6c\uc2a4\ud2b8 \uc2a4\uc704\ud2b8 1\uce35<\/a><\/h2><div class=\"fusion-post-content\"><\/div><\/div><\/div><\/article><article id=\"portfolio-1-post-843\" class=\"fusion-portfolio-post chambres-hotes-gites pamparigouste fusion-col-spacing post-843\"><div class=\"fusion-portfolio-content-wrapper\" style=\"border:1px solid #d8d8d8;border-bottom-width:3px;background-color:rgba(255,255,255,0);\"><span class=\"vcard rich-snippet-hidden\"><span class=\"fn\"><a href=\"https:\/\/maisonorsini.com\/ko\/author\/adm-akdigital-18\" title=\"\uc791\uc131\uc790 adm-akdigital-18\uc758 \uae00\" rel=\"author\">adm-akdigital-18<\/a><\/span><\/span><span class=\"updated rich-snippet-hidden\">2025-06-25T11:28:53+02:00<\/span><div  class=\"fusion-image-wrapper\" aria-haspopup=\"true\">\n\t\t\t\t<img decoding=\"async\" width=\"1200\" height=\"800\" src=\"https:\/\/maisonorsini.com\/wp-content\/uploads\/2018\/02\/chambre-dhote-\u00e0-avignon-gite-en-provence-maison-orsini-6.jpg\" class=\"attachment-full size-full lazyload wp-post-image\" alt=\"\" srcset=\"https:\/\/maisonorsini.com\/wp-content\/uploads\/2018\/02\/chambre-dhote-\u00e0-avignon-gite-en-provence-maison-orsini-6-200x133.jpg 200w, https:\/\/maisonorsini.com\/wp-content\/uploads\/2018\/02\/chambre-dhote-\u00e0-avignon-gite-en-provence-maison-orsini-6-300x200.jpg 300w, https:\/\/maisonorsini.com\/wp-content\/uploads\/2018\/02\/chambre-dhote-\u00e0-avignon-gite-en-provence-maison-orsini-6-400x267.jpg 400w, https:\/\/maisonorsini.com\/wp-content\/uploads\/2018\/02\/chambre-dhote-\u00e0-avignon-gite-en-provence-maison-orsini-6-600x400.jpg 600w, https:\/\/maisonorsini.com\/wp-content\/uploads\/2018\/02\/chambre-dhote-\u00e0-avignon-gite-en-provence-maison-orsini-6-768x512.jpg 768w, https:\/\/maisonorsini.com\/wp-content\/uploads\/2018\/02\/chambre-dhote-\u00e0-avignon-gite-en-provence-maison-orsini-6-800x533.jpg 800w, https:\/\/maisonorsini.com\/wp-content\/uploads\/2018\/02\/chambre-dhote-\u00e0-avignon-gite-en-provence-maison-orsini-6-1024x683.jpg 1024w, https:\/\/maisonorsini.com\/wp-content\/uploads\/2018\/02\/chambre-dhote-\u00e0-avignon-gite-en-provence-maison-orsini-6.jpg 1200w\" data-orig-src=\"https:\/\/maisonorsini.com\/wp-content\/uploads\/2018\/02\/chambre-dhote-\u00e0-avignon-gite-en-provence-maison-orsini-6.jpg\" data-srcset=\"https:\/\/maisonorsini.com\/wp-content\/uploads\/2018\/02\/chambre-dhote-\u00e0-avignon-gite-en-provence-maison-orsini-6-200x133.jpg 200w, https:\/\/maisonorsini.com\/wp-content\/uploads\/2018\/02\/chambre-dhote-\u00e0-avignon-gite-en-provence-maison-orsini-6-300x200.jpg 300w, https:\/\/maisonorsini.com\/wp-content\/uploads\/2018\/02\/chambre-dhote-\u00e0-avignon-gite-en-provence-maison-orsini-6-400x267.jpg 400w, https:\/\/maisonorsini.com\/wp-content\/uploads\/2018\/02\/chambre-dhote-\u00e0-avignon-gite-en-provence-maison-orsini-6-600x400.jpg 600w, https:\/\/maisonorsini.com\/wp-content\/uploads\/2018\/02\/chambre-dhote-\u00e0-avignon-gite-en-provence-maison-orsini-6-768x512.jpg 768w, https:\/\/maisonorsini.com\/wp-content\/uploads\/2018\/02\/chambre-dhote-\u00e0-avignon-gite-en-provence-maison-orsini-6-800x533.jpg 800w, https:\/\/maisonorsini.com\/wp-content\/uploads\/2018\/02\/chambre-dhote-\u00e0-avignon-gite-en-provence-maison-orsini-6-1024x683.jpg 1024w, https:\/\/maisonorsini.com\/wp-content\/uploads\/2018\/02\/chambre-dhote-\u00e0-avignon-gite-en-provence-maison-orsini-6.jpg 1200w\" data-sizes=\"auto\" \/><div class=\"fusion-rollover\">\n\t<div class=\"fusion-rollover-content\">\n\n\t\t\t\t\n\t\t\n\t\t\t\t\t\t\t\t\n\t\t\t\t\t\t\t\t\n\t\t\n\t\t\t\t\t\t<a class=\"fusion-link-wrapper\" href=\"https:\/\/maisonorsini.com\/ko\/hebergement\/suite-pamparigouste-1er-etage\" aria-label=\"\ud31c\ud30c\ub9ac\uad6c\uc2a4\ud2b8 \uc2a4\uc704\ud2b8 1\uce35\"><\/a>\n\t<\/div>\n<\/div>\n<\/div>\n<div class=\"fusion-portfolio-content\" style=\"background-color:rgba(255,255,255,0);\"><h2 class=\"entry-title fusion-post-title\"><a href=\"https:\/\/maisonorsini.com\/ko\/hebergement\/suite-pamparigouste-1er-etage\">\ud31c\ud30c\ub9ac\uad6c\uc2a4\ud2b8 \uc2a4\uc704\ud2b8 1\uce35<\/a><\/h2><div class=\"fusion-post-content\"><\/div><\/div><\/div><\/article><\/div><\/div><div class=\"fusion-text fusion-text-2\"><h3 style=\"text-align: center;\">\ub9e4\ub825\uc801\uc778 \uac1d\uc2e4\uacfc \ucde8\uc0ac \uac00\ub2a5\ud55c \ucf54\ud2f0\uc9c0 \uc54c\uc544\ubcf4\uae30<\/h3>\n<\/div><\/div><\/div><\/div><\/div><\/p>","protected":false},"excerpt":{"rendered":"","protected":false},"author":1,"featured_media":0,"parent":748,"menu_order":0,"comment_status":"closed","ping_status":"closed","template":"100-width.php","meta":{"footnotes":""},"class_list":["post-1137","page","type-page","status-publish","hentry"],"yoast_head":"<!-- This site is optimized with the Yoast SEO plugin v27.6 - https:\/\/yoast.com\/product\/yoast-seo-wordpress\/ -->\n<title>Maison Pamparigouste - G\u00eetes pittoresque en Provence<\/title>\n<meta name=\"robots\" content=\"index, follow, max-snippet:-1, max-image-preview:large, max-video-preview:-1\" \/>\n<link rel=\"canonical\" href=\"https:\/\/maisonorsini.com\/ko\/\ubca0\ub4dc-\uc564-\ube0c\ub809\ud37c\uc2a4\ud2b8-\uc544\ube44\ub1fd-\ud504\ub85c\ubc29\uc2a4\/\uadf8\ub9bc-\uac19\uc740-\ud31c\ud30c\ub9ac\uad6c\uc2a4\ud2b8-\ud558\uc6b0\uc2a4\/\" \/>\n<meta property=\"og:locale\" content=\"ko_KR\" \/>\n<meta property=\"og:type\" content=\"article\" \/>\n<meta property=\"og:title\" content=\"Maison Pamparigouste - G\u00eetes pittoresque en Provence\" \/>\n<meta property=\"og:url\" content=\"https:\/\/maisonorsini.com\/ko\/\ubca0\ub4dc-\uc564-\ube0c\ub809\ud37c\uc2a4\ud2b8-\uc544\ube44\ub1fd-\ud504\ub85c\ubc29\uc2a4\/\uadf8\ub9bc-\uac19\uc740-\ud31c\ud30c\ub9ac\uad6c\uc2a4\ud2b8-\ud558\uc6b0\uc2a4\/\" \/>\n<meta property=\"og:site_name\" content=\"G\u00eetes et Chambre d&#039;H\u00f4tes - Maison Orsini\" \/>\n<meta property=\"article:publisher\" content=\"https:\/\/www.facebook.com\/Maison.Orsini\/\" \/>\n<meta property=\"article:modified_time\" content=\"2023-10-20T08:12:09+00:00\" \/>\n<meta name=\"twitter:card\" content=\"summary_large_image\" \/>\n<meta name=\"twitter:title\" content=\"Maison Pamparigouste - G\u00eetes pittoresque en Provence\" \/>\n<meta name=\"twitter:label1\" content=\"\uc608\uc0c1 \ub418\ub294 \ud310\ub3c5 \uc2dc\uac04\" \/>\n\t<meta name=\"twitter:data1\" content=\"3\ubd84\" \/>\n<!-- \/ Yoast SEO plugin. -->","yoast_head_json":{"title":"\uba54\uc885 \ud31c\ud30c\ub9ac\uad6c\uc2a4\ud2b8 - \ud504\ub85c\ubc29\uc2a4\uc758 \uadf8\ub9bc \uac19\uc740 \uac8c\uc2a4\ud2b8 \ud558\uc6b0\uc2a4","robots":{"index":"index","follow":"follow","max-snippet":"max-snippet:-1","max-image-preview":"max-image-preview:large","max-video-preview":"max-video-preview:-1"},"canonical":"https:\/\/maisonorsini.com\/ko\/\ubca0\ub4dc-\uc564-\ube0c\ub809\ud37c\uc2a4\ud2b8-\uc544\ube44\ub1fd-\ud504\ub85c\ubc29\uc2a4\/\uadf8\ub9bc-\uac19\uc740-\ud31c\ud30c\ub9ac\uad6c\uc2a4\ud2b8-\ud558\uc6b0\uc2a4\/","og_locale":"ko_KR","og_type":"article","og_title":"Maison Pamparigouste - G\u00eetes pittoresque en Provence","og_url":"https:\/\/maisonorsini.com\/ko\/\ubca0\ub4dc-\uc564-\ube0c\ub809\ud37c\uc2a4\ud2b8-\uc544\ube44\ub1fd-\ud504\ub85c\ubc29\uc2a4\/\uadf8\ub9bc-\uac19\uc740-\ud31c\ud30c\ub9ac\uad6c\uc2a4\ud2b8-\ud558\uc6b0\uc2a4\/","og_site_name":"G\u00eetes et Chambre d&#039;H\u00f4tes - Maison Orsini","article_publisher":"https:\/\/www.facebook.com\/Maison.Orsini\/","article_modified_time":"2023-10-20T08:12:09+00:00","twitter_card":"summary_large_image","twitter_title":"Maison Pamparigouste - G\u00eetes pittoresque en Provence","twitter_misc":{"\uc608\uc0c1 \ub418\ub294 \ud310\ub3c5 \uc2dc\uac04":"3\ubd84"},"schema":{"@context":"https:\/\/schema.org","@graph":[{"@type":"WebPage","@id":"https:\/\/maisonorsini.com\/gites-chambres-hotes-avignon-provence\/maison-pamparigouste-pittoresque","url":"https:\/\/maisonorsini.com\/gites-chambres-hotes-avignon-provence\/maison-pamparigouste-pittoresque","name":"\uba54\uc885 \ud31c\ud30c\ub9ac\uad6c\uc2a4\ud2b8 - \ud504\ub85c\ubc29\uc2a4\uc758 \uadf8\ub9bc \uac19\uc740 \uac8c\uc2a4\ud2b8 \ud558\uc6b0\uc2a4","isPartOf":{"@id":"https:\/\/maisonorsini.com\/#website"},"datePublished":"2018-03-02T16:11:23+00:00","dateModified":"2023-10-20T08:12:09+00:00","breadcrumb":{"@id":"https:\/\/maisonorsini.com\/gites-chambres-hotes-avignon-provence\/maison-pamparigouste-pittoresque#breadcrumb"},"inLanguage":"ko-KR","potentialAction":[{"@type":"ReadAction","target":["https:\/\/maisonorsini.com\/gites-chambres-hotes-avignon-provence\/maison-pamparigouste-pittoresque"]}]},{"@type":"BreadcrumbList","@id":"https:\/\/maisonorsini.com\/gites-chambres-hotes-avignon-provence\/maison-pamparigouste-pittoresque#breadcrumb","itemListElement":[{"@type":"ListItem","position":1,"name":"Accueil","item":"https:\/\/maisonorsini.com\/"},{"@type":"ListItem","position":2,"name":"H\u00e9bergements &#8211; G\u00eetes et chambres d&rsquo;H\u00f4tes \u00e0 Avignon en Provence","item":"https:\/\/maisonorsini.com\/gites-chambres-hotes-avignon-provence"},{"@type":"ListItem","position":3,"name":"Maison Pamparigouste &#8211; G\u00eetes pittoresque en Provence"}]},{"@type":"WebSite","@id":"https:\/\/maisonorsini.com\/#website","url":"https:\/\/maisonorsini.com\/","name":"\uc9c0\ud2b8 \uc564 \uc0f9\ube0c\ub974 \ub3c4\ud2b8 - \uba54\uc885 \uc624\ub974\uc2dc\ub2c8","description":"\ube4c\ub1cc\ube0c \ub808 \uc544\ube44\ub1fd\uc758 \ub9e4\ub825\uc801\uc778 \uac8c\uc2a4\ud2b8 \ud558\uc6b0\uc2a4","potentialAction":[{"@type":"SearchAction","target":{"@type":"EntryPoint","urlTemplate":"https:\/\/maisonorsini.com\/?s={search_term_string}"},"query-input":{"@type":"PropertyValueSpecification","valueRequired":true,"valueName":"search_term_string"}}],"inLanguage":"ko-KR"}]}},"_links":{"self":[{"href":"https:\/\/maisonorsini.com\/ko\/wp-json\/wp\/v2\/pages\/1137","targetHints":{"allow":["GET"]}}],"collection":[{"href":"https:\/\/maisonorsini.com\/ko\/wp-json\/wp\/v2\/pages"}],"about":[{"href":"https:\/\/maisonorsini.com\/ko\/wp-json\/wp\/v2\/types\/page"}],"author":[{"embeddable":true,"href":"https:\/\/maisonorsini.com\/ko\/wp-json\/wp\/v2\/users\/1"}],"replies":[{"embeddable":true,"href":"https:\/\/maisonorsini.com\/ko\/wp-json\/wp\/v2\/comments?post=1137"}],"version-history":[{"count":0,"href":"https:\/\/maisonorsini.com\/ko\/wp-json\/wp\/v2\/pages\/1137\/revisions"}],"up":[{"embeddable":true,"href":"https:\/\/maisonorsini.com\/ko\/wp-json\/wp\/v2\/pages\/748"}],"wp:attachment":[{"href":"https:\/\/maisonorsini.com\/ko\/wp-json\/wp\/v2\/media?parent=1137"}],"curies":[{"name":"wp","href":"https:\/\/api.w.org\/{rel}","templated":true}]}}