{"id":789,"date":"2018-02-26T13:09:11","date_gmt":"2018-02-26T13:09:11","guid":{"rendered":"http:\/\/preprod.maisonorsini.com\/?page_id=789"},"modified":"2018-03-12T15:42:52","modified_gmt":"2018-03-12T15:42:52","slug":"%eb%b2%95%eb%a5%a0-%ec%a0%95%eb%b3%b4","status":"publish","type":"page","link":"https:\/\/maisonorsini.com\/ko\/mentions-legales","title":{"rendered":"\ubc95\ub960 \uc815\ubcf4"},"content":{"rendered":"<p><div class=\"fusion-fullwidth fullwidth-box fusion-builder-row-1 fusion-flex-container nonhundred-percent-fullwidth non-hundred-percent-height-scrolling\" style=\"--awb-border-radius-top-left:0px;--awb-border-radius-top-right:0px;--awb-border-radius-bottom-right:0px;--awb-border-radius-bottom-left:0px;--awb-flex-wrap:wrap;\" ><div class=\"fusion-builder-row fusion-row fusion-flex-align-items-flex-start fusion-flex-content-wrap\" style=\"max-width:1216.8px;margin-left: calc(-4% \/ 2 );margin-right: calc(-4% \/ 2 );\"><div class=\"fusion-layout-column fusion_builder_column fusion-builder-column-0 fusion_builder_column_1_1 1_1 fusion-flex-column\" style=\"--awb-bg-size:cover;--awb-width-large:100%;--awb-margin-top-large:0px;--awb-spacing-right-large:1.92%;--awb-margin-bottom-large:0px;--awb-spacing-left-large:1.92%;--awb-width-medium:100%;--awb-spacing-right-medium:1.92%;--awb-spacing-left-medium:1.92%;--awb-width-small:100%;--awb-spacing-right-small:1.92%;--awb-spacing-left-small:1.92%;\"><div class=\"fusion-column-wrapper fusion-flex-justify-content-flex-start fusion-content-layout-column\"><div class=\"fusion-text fusion-text-1\"><h1>\ubc95\uc801 \uace0\uc9c0<\/h1>\n<p>\uc774 \uc0ac\uc774\ud2b8\ub97c \uc774\uc6a9\ud558\uae30 \uc804\uc5d0 \ubcf8 \uc774\uc6a9 \uc57d\uad00\uc744 \uc8fc\uc758 \uae4a\uac8c \uc77d\uc5b4\uc8fc\uc138\uc694. \uc774 \uc0ac\uc774\ud2b8\uc5d0 \uc811\uc18d\ud558\uba74 \ubcf8 \uc774\uc6a9 \uc57d\uad00\uc5d0 \ub3d9\uc758\ud558\ub294 \uac83\uc73c\ub85c \uac04\uc8fc\ub429\ub2c8\ub2e4. \ub610\ud55c 2004\ub144 6\uc6d4 21\uc77c \ub514\uc9c0\ud138 \uacbd\uc81c\uc5d0 \ub300\ud55c \uc2e0\ub8b0\uc5d0 \uad00\ud55c \ubc95\ub960 \uc81c 2004-575\ud638 \uc81c6\uc870\uc5d0 \ub530\ub77c \uc774 \uc6f9\uc0ac\uc774\ud2b8 maisonorsini.com\uc758 \ucc45\uc784\uc790\ub294 \ub2e4\uc74c\uacfc \uac19\uc2b5\ub2c8\ub2e4:<\/p>\n<\/div><\/div><\/div><div class=\"fusion-layout-column fusion_builder_column fusion-builder-column-1 fusion_builder_column_1_2 1_2 fusion-flex-column\" style=\"--awb-bg-size:cover;--awb-width-large:50%;--awb-margin-top-large:0px;--awb-spacing-right-large:3.84%;--awb-margin-bottom-large:20px;--awb-spacing-left-large:3.84%;--awb-width-medium:100%;--awb-spacing-right-medium:1.92%;--awb-spacing-left-medium:1.92%;--awb-width-small:100%;--awb-spacing-right-small:1.92%;--awb-spacing-left-small:1.92%;\"><div class=\"fusion-column-wrapper fusion-flex-justify-content-flex-start fusion-content-layout-column\"><div class=\"fusion-text fusion-text-2\"><h3>\uc0ac\uc774\ud2b8 \ud3b8\uc9d1\uae30 :<\/h3>\n<p>\uc624\ub974\uc2dc\ub2c8 \ud558\uc6b0\uc2a4<br \/>\nSIRET \ubc88\ud638: 80897025500010<br \/>\n\ud3b8\uc9d1 \uad00\ub9ac\uc790: \ud3f4\ucf54 \ud53c\uc0ac\ub2c8<br \/>\n21 RUE MONTE DE LA TOUR<br \/>\n\ube4c\ub1cc\ube0c \ub808 \uc544\ube44\ub1fd<br \/>\n\uc804\ud654: +33 (0)6 82 27 65 94<br \/>\n\uc774\uba54\uc77c : maisonorsini@gmail.com<\/p>\n<\/div><\/div><\/div><div class=\"fusion-layout-column fusion_builder_column fusion-builder-column-2 fusion_builder_column_1_2 1_2 fusion-flex-column\" style=\"--awb-bg-size:cover;--awb-width-large:50%;--awb-margin-top-large:0px;--awb-spacing-right-large:3.84%;--awb-margin-bottom-large:20px;--awb-spacing-left-large:3.84%;--awb-width-medium:100%;--awb-spacing-right-medium:1.92%;--awb-spacing-left-medium:1.92%;--awb-width-small:100%;--awb-spacing-right-small:1.92%;--awb-spacing-left-small:1.92%;\"><div class=\"fusion-column-wrapper fusion-flex-justify-content-flex-start fusion-content-layout-column\"><div class=\"fusion-text fusion-text-3\"><h3>\uc8fc\ucd5c: :<\/h3>\n<p>1and1<br \/>\n48<br \/>\n76135 \uce74\ub97c\uc2a4\ub8e8\uc5d0<br \/>\n\ub3c5\uc77c<br \/>\n\uc6f9\uc0ac\uc774\ud2b8: www.1and1.fr<\/p>\n<\/div><\/div><\/div><div class=\"fusion-layout-column fusion_builder_column fusion-builder-column-3 fusion_builder_column_1_1 1_1 fusion-flex-column\" style=\"--awb-bg-size:cover;--awb-width-large:100%;--awb-margin-top-large:0px;--awb-spacing-right-large:1.92%;--awb-margin-bottom-large:20px;--awb-spacing-left-large:1.92%;--awb-width-medium:100%;--awb-spacing-right-medium:1.92%;--awb-spacing-left-medium:1.92%;--awb-width-small:100%;--awb-spacing-right-small:1.92%;--awb-spacing-left-small:1.92%;\"><div class=\"fusion-column-wrapper fusion-flex-justify-content-flex-start fusion-content-layout-column\"><div class=\"fusion-text fusion-text-4\"><h3>\uc774\uc6a9 \uc57d\uad00<\/h3>\n<p>\uc774 \uc0ac\uc774\ud2b8(maisonorsini.com)\ub294 \ub2e4\uc591\ud55c \uc6f9 \uc5b8\uc5b4(HTML, HTML5, \uc790\ubc14\uc2a4\ud06c\ub9bd\ud2b8, CSS \ub4f1)\ub85c \uc81c\uacf5\ub418\ubbc0\ub85c \ubcf4\ub2e4 \ud3b8\ub9ac\ud55c \uc0ac\uc6a9\uacfc \ucf8c\uc801\ud55c \uadf8\ub798\ud53d\uc744 \uc704\ud574 \uc778\ud130\ub137 \uc775\uc2a4\ud50c\ub85c\ub7ec, \uc0ac\ud30c\ub9ac, \ud30c\uc774\uc5b4\ud3ed\uc2a4, \uad6c\uae00 \ud06c\ub86c \ub4f1\uacfc \uac19\uc740 \ucd5c\uc2e0 \ube0c\ub77c\uc6b0\uc800\ub97c \uc0ac\uc6a9\ud558\ub294 \uac83\uc774 \uc88b\uc2b5\ub2c8\ub2e4....<\/p>\n<p>\uba54\uc885 \uc624\ub974\uc2dc\ub2c8\ub294 \uc2e0\ub8b0\ud560 \uc218 \uc788\ub294 \uc815\ubcf4\ub97c \uc81c\uacf5\ud558\uace0 \uc6f9\uc0ac\uc774\ud2b8\ub97c \uc548\uc815\uc801\uc73c\ub85c \uc5c5\ub370\uc774\ud2b8\ud558\uae30 \uc704\ud574 \ucd5c\uc120\uc744 \ub2e4\ud558\uace0 \uc788\uc2b5\ub2c8\ub2e4. \uadf8\ub7ec\ub098 \uc624\ub958\ub098 \ub204\ub77d\uc774 \ubc1c\uc0dd\ud560 \uc218 \uc788\uc2b5\ub2c8\ub2e4. \ub530\ub77c\uc11c \uc778\ud130\ub137 \uc0ac\uc6a9\uc790\ub294 \uac8c\uc2dc \uad00\ub9ac\uc790\uc5d0\uac8c \uc815\ubcf4\uc758 \uc815\ud655\uc131\uc744 \ud655\uc778\ud558\uace0 \uc720\uc6a9\ud558\ub2e4\uace0 \uc0dd\uac01\ub418\ub294 \ubcc0\uacbd \uc0ac\ud56d\uc744 \uc0ac\uc774\ud2b8\uc5d0 \ubcf4\uace0\ud574\uc57c \ud569\ub2c8\ub2e4. \uba54\uc885 \uc624\ub974\uc2dc\ub2c8\ub294 \uc774 \uc815\ubcf4\uc758 \uc0ac\uc6a9 \ub610\ub294 \uadf8\ub85c \uc778\ud55c \uc9c1\uac04\uc811\uc801\uc778 \uc190\ud574\uc5d0 \ub300\ud574 \uc5b4\ub5a0\ud55c \ucc45\uc784\ub3c4 \uc9c0\uc9c0 \uc54a\uc2b5\ub2c8\ub2e4.<\/p>\n<p>\ucfe0\ud0a4 : \uba54\uc885\uc624\ub974\uc2dc\ub2c8\ub2f7\ucef4 \uc6f9\uc0ac\uc774\ud2b8\ub294 \ud1b5\uacc4 \ubc0f \ud45c\uc2dc \ubaa9\uc801\uc73c\ub85c \ucfe0\ud0a4\ub97c \ud5c8\uc6a9\ud558\ub3c4\ub85d \uc694\uccad\ud560 \uc218 \uc788\uc2b5\ub2c8\ub2e4. \ucfe0\ud0a4\ub294 \uadc0\ud558\uac00 \ubc29\ubb38\ud558\ub294 \uc0ac\uc774\ud2b8\uc758 \uc11c\ubc84\uac00 \uadc0\ud558\uc758 \ud558\ub4dc \ub4dc\ub77c\uc774\ube0c\uc5d0 \uc800\uc7a5\ud558\ub294 \uc815\ubcf4 \uc870\uac01\uc785\ub2c8\ub2e4. \uc5ec\uae30\uc5d0\ub294 \uc11c\ubc84\uac00 \uc815\ubcf4\ub97c \uc77d\uace0 \uae30\ub85d\ud558\uae30 \uc704\ud574 \uc561\uc138\uc2a4\ud558\ub294 \uac04\ub2e8\ud55c \ud14d\uc2a4\ud2b8 \ud30c\uc77c\ub85c \ucef4\ud4e8\ud130\uc5d0 \uc800\uc7a5\ub418\ub294 \uc5ec\ub7ec \ub370\uc774\ud130 \ud56d\ubaa9\uc774 \ud3ec\ud568\ub418\uc5b4 \uc788\uc2b5\ub2c8\ub2e4. \uc774 \uc0ac\uc774\ud2b8\uc758 \uc77c\ubd80\ub294 \ucfe0\ud0a4\ub97c \ud5c8\uc6a9\ud558\uc9c0 \uc54a\uc73c\uba74 \uc0ac\uc6a9\ud560 \uc218 \uc5c6\uc2b5\ub2c8\ub2e4.<\/p>\n<p>\ud558\uc774\ud37c\ud14d\uc2a4\ud2b8 \ub9c1\ud06c : \uba54\uc885 \uc624\ub974\uc2dc\ub2c8 \uc6f9\uc0ac\uc774\ud2b8\ub294 \uc778\ud130\ub137\uc5d0\uc11c \uc774\uc6a9 \uac00\ub2a5\ud55c \ub2e4\ub978 \uc6f9\uc0ac\uc774\ud2b8 \ub610\ub294 \uae30\ud0c0 \ub9ac\uc18c\uc2a4\uc5d0 \ub300\ud55c \ub9c1\ud06c\ub97c \uc81c\uacf5\ud560 \uc218 \uc788\uc2b5\ub2c8\ub2e4. \uba54\uc885 \uc624\ub974\uc2dc\ub2c8\ub294 \uc6f9\uc0ac\uc774\ud2b8\uc5d0 \ub9c1\ud06c\ub41c \uc0ac\uc774\ud2b8\ub97c \ud1b5\uc81c\ud560 \uc218\ub2e8\uc774 \uc5c6\uc2b5\ub2c8\ub2e4. \uba54\uc885 \uc624\ub974\uc2dc\ub2c8\ub294 \uc774\ub7ec\ud55c \uc678\ubd80 \uc0ac\uc774\ud2b8 \ubc0f \uc18c\uc2a4\uc758 \uac00\uc6a9\uc131\uc744 \ubcf4\uc7a5\ud558\uc9c0 \uc54a\uc2b5\ub2c8\ub2e4. \uba54\uc885 \uc624\ub974\uc2dc\ub2c8\ub294 \uc774\ub7ec\ud55c \uc678\ubd80 \uc0ac\uc774\ud2b8 \ub610\ub294 \uc18c\uc2a4\uc758 \ucf58\ud150\uce20, \ud2b9\ud788 \uadf8\ub4e4\uc774 \uc81c\uacf5\ud558\ub294 \uc815\ubcf4, \uc81c\ud488 \ub610\ub294 \uc11c\ube44\uc2a4 \ub610\ub294 \uc774\ub7ec\ud55c \uc694\uc18c\uc758 \uc0ac\uc6a9\uc73c\ub85c \uc778\ud574 \ubc1c\uc0dd\ud558\ub294 \uc5b4\ub5a0\ud55c \uc190\ud574\uc5d0 \ub300\ud574\uc11c\ub3c4 \ucc45\uc784\uc744 \uc9c0\uc9c0 \uc54a\uc2b5\ub2c8\ub2e4. \uc774\ub7ec\ud55c \uc0ac\uc6a9\uacfc \uad00\ub828\ub41c \uc704\ud5d8\uc740 \uc804\uc801\uc73c\ub85c \uc778\ud130\ub137 \uc0ac\uc6a9\uc790\uc5d0\uac8c \uc788\uc73c\uba70, \uc778\ud130\ub137 \uc0ac\uc6a9\uc790\ub294 \ud574\ub2f9 \uc0ac\uc6a9 \uc870\uac74\uc744 \uc900\uc218\ud574\uc57c \ud569\ub2c8\ub2e4.<\/p>\n<p>\uba54\uc885 \uc624\ub974\uc2dc\ub2c8 \uc6f9\uc0ac\uc774\ud2b8\uc758 \uc0ac\uc6a9\uc790, \uad6c\ub3c5\uc790 \ubc0f \ubc29\ubb38\uc790\ub294 \uba54\uc885 \uc624\ub974\uc2dc\ub2c8\uc758 \uba85\uc2dc\uc801\uc778 \uc0ac\uc804 \uc2b9\uc778 \uc5c6\uc774 \ubcf8 \uc0ac\uc774\ud2b8\uc5d0 \ub300\ud55c \ud558\uc774\ud37c\ub9c1\ud06c\ub97c \uc124\uc815\ud560 \uc218 \uc5c6\uc2b5\ub2c8\ub2e4.<\/p>\n<p>\uc0ac\uc6a9\uc790 \ub610\ub294 \ubc29\ubb38\uc790\uac00 \uba54\uc885 \uc624\ub974\uc2dc\ub2c8 \uc6f9\uc0ac\uc774\ud2b8 \uc911 \ud558\ub098\uc5d0 \ud558\uc774\ud37c\ub9c1\ud06c\ub97c \uc124\uc815\ud558\uace0\uc790 \ud558\ub294 \uacbd\uc6b0, \ud574\ub2f9 \uc0ac\uc774\ud2b8\uc5d0 \uc774\uba54\uc77c\uc744 \ubcf4\ub0b4 \ud558\uc774\ud37c\ub9c1\ud06c \uc124\uc815\uc744 \uc694\uccad\ud574\uc57c \ud569\ub2c8\ub2e4. \uba54\uc885 \uc624\ub974\uc2dc\ub2c8\ub294 \uc815\ub2f9\ud654\ud560 \ud544\uc694 \uc5c6\uc774 \ud558\uc774\ud37c\ub9c1\ud06c\ub97c \uc218\ub77d\ud558\uac70\ub098 \uac70\ubd80\ud560 \uad8c\ub9ac\ub97c \ubcf4\uc720\ud569\ub2c8\ub2e4.<\/p>\n<h3>\uc81c\uacf5\ub418\ub294 \uc11c\ube44\uc2a4<\/h3>\n<p>\ud68c\uc0ac\uc758 \ubaa8\ub4e0 \ud65c\ub3d9\uacfc \uc815\ubcf4\ub294 \uc6f9\uc0ac\uc774\ud2b8 \uba54\uc885\uc624\ub974\uc2dc\ub2c8.com\uc5d0\uc11c \ud655\uc778\ud560 \uc218 \uc788\uc2b5\ub2c8\ub2e4.<\/p>\n<p>\uba54\uc885 \uc624\ub974\uc2dc\ub2c8\ub294 \uba54\uc885 \uc624\ub974\uc2dc\ub2c8 \uc6f9\uc0ac\uc774\ud2b8\uc5d0 \ucd5c\ub300\ud55c \uc815\ud655\ud55c \uc815\ubcf4\ub97c \uc81c\uacf5\ud558\uae30 \uc704\ud574 \ub178\ub825\ud569\ub2c8\ub2e4. \uba54\uc885 \uc624\ub974\uc2dc\ub2c8 \uc6f9\uc0ac\uc774\ud2b8\uc5d0 \uac8c\uc7ac\ub41c \uc815\ubcf4\ub294 \uc644\uc804\ud55c \uac83\uc774 \uc544\ub2c8\uba70 \uc0ac\uc9c4\uc740 \uacc4\uc57d\uc5d0 \ub530\ub978 \uac83\uc774 \uc544\ub2d9\ub2c8\ub2e4. \uc628\ub77c\uc778\uc5d0 \uac8c\uc2dc\ub41c \uc774\ud6c4 \uc218\uc815\uc774 \uc774\ub8e8\uc5b4\uc9c8 \uc218 \uc788\uc2b5\ub2c8\ub2e4. \ub610\ud55c, \uba54\uc885\uc624\ub974\uc2dc\ub2c8 \uc6f9\uc0ac\uc774\ud2b8\uc758 \ubaa8\ub4e0 \uc815\ubcf4\ub294 \uc815\ubcf4 \uc81c\uacf5 \ubaa9\uc801\uc73c\ub85c\ub9cc \uc81c\uacf5\ub418\uba70 \uc0ac\uc804 \uace0\uc9c0 \uc5c6\uc774 \ubcc0\uacbd\ub418\uac70\ub098 \ubc1c\uc804\ud560 \uc218 \uc788\uc2b5\ub2c8\ub2e4.<\/p>\n<h3>\ub370\uc774\ud130\uc5d0 \ub300\ud55c \uacc4\uc57d\uc0c1 \uc81c\ud55c<\/h3>\n<p>\uc774 \uc0ac\uc774\ud2b8\uc5d0 \ud3ec\ud568\ub41c \uc815\ubcf4\ub294 \uac00\ub2a5\ud55c \ud55c \uc815\ud655\ud558\uba70 \uc5f0\uc911 \uc218\uc2dc\ub85c \uc5c5\ub370\uc774\ud2b8\ub418\uc9c0\ub9cc \ubd80\uc815\ud655\ud558\uac70\ub098 \ub204\ub77d\ub41c \ub0b4\uc6a9\uc774 \uc788\uc744 \uc218 \uc788\uc2b5\ub2c8\ub2e4. \uaca9\ucc28, \uc624\ub958 \ub610\ub294 \uc624\uc791\ub3d9\uc73c\ub85c \ubcf4\uc774\ub294 \uc0ac\ud56d\uc744 \ubc1c\uacac\ud558\uba74 \uc774\uba54\uc77c(maisonorsini@gmail.com)\ub85c \ubb38\uc81c\ub97c \uac00\ub2a5\ud55c \ud55c \uc815\ud655\ud558\uac8c \uc124\uba85(\ubb38\uc81c\uac00 \ubc1c\uc0dd\ud55c \ud398\uc774\uc9c0, \uc0ac\uc6a9 \uc911\uc778 \ucef4\ud4e8\ud130 \ubc0f \ube0c\ub77c\uc6b0\uc800 \uc720\ud615 \ub4f1)\ud558\uc5ec \uc2e0\uace0\ud574 \uc8fc\uc138\uc694.<\/p>\n<p>\ub2e4\uc6b4\ub85c\ub4dc\ud55c \ubaa8\ub4e0 \ucf58\ud150\uce20\ub294 \uc0ac\uc6a9\uc790\uc758 \uc804\uc801\uc778 \ucc45\uc784\uacfc \uc704\ud5d8 \ubd80\ub2f4 \ud558\uc5d0 \ub2e4\uc6b4\ub85c\ub4dc\ub429\ub2c8\ub2e4. \ub530\ub77c\uc11c \ub2e4\uc6b4\ub85c\ub4dc\uc5d0 \ub530\ub978 \uc0ac\uc6a9\uc790 \ucef4\ud4e8\ud130\uc758 \uc190\uc0c1\uc774\ub098 \ub370\uc774\ud130 \uc190\uc2e4\uc5d0 \ub300\ud574 \uc5b4\ub5a0\ud55c \ucc45\uc784\ub3c4 \uc9c0\uc9c0 \uc54a\uc2b5\ub2c8\ub2e4. \ub610\ud55c \uc0ac\uc774\ud2b8 \uc0ac\uc6a9\uc790\ub294 \ubc14\uc774\ub7ec\uc2a4\uc5d0 \uac10\uc5fc\ub418\uc9c0 \uc54a\uc740 \ucd5c\uc2e0 \uc7a5\ube44\uc640 \ucd5c\uc2e0 \ube0c\ub77c\uc6b0\uc800\ub97c \uc0ac\uc6a9\ud558\uc5ec \uc0ac\uc774\ud2b8\uc5d0 \uc811\uc18d\ud560 \uac83\uc744 \uc57d\uc18d\ud569\ub2c8\ub2e4.<\/p>\n<p>\uba54\uc885 \uc624\ub974\uc2dc\ub2c8\ub294 \ubcf8 \uc6f9\uc0ac\uc774\ud2b8\uc5d0 \uc124\uc815\ub41c \uc778\ud130\ub137\uc0c1\uc758 \ub2e4\ub978 \ub9ac\uc18c\uc2a4\ub85c \uc5f0\uacb0\ub418\ub294 \ud558\uc774\ud37c\ud14d\uc2a4\ud2b8 \ub9c1\ud06c\uc5d0 \ub300\ud574 \ucc45\uc784\uc744 \uc9c0\uc9c0 \uc54a\uc2b5\ub2c8\ub2e4.<\/p>\n<h3>\uc9c0\uc801 \uc7ac\uc0b0<\/h3>\n<p>\uadf8\ub798\ud53d, \uc774\ubbf8\uc9c0, \ud14d\uc2a4\ud2b8, \ub3d9\uc601\uc0c1, \uc560\ub2c8\uba54\uc774\uc158, \uc0ac\uc6b4\ub4dc, \ub85c\uace0, GIF, \uc544\uc774\ucf58 \ubc0f \ub808\uc774\uc544\uc6c3\uc744 \ud3ec\ud568\ud558\ub418 \uc774\uc5d0 \uad6d\ud55c\ub418\uc9c0 \uc54a\ub294 maisonorsini.com \uc6f9\uc0ac\uc774\ud2b8\uc758 \ubaa8\ub4e0 \ucf58\ud150\uce20\ub294 \ub2e4\ub978 \ud30c\ud2b8\ub108 \ud68c\uc0ac \ub610\ub294 \uc800\uc791\uc790\uc758 \uc0c1\ud45c, \ub85c\uace0 \ub610\ub294 \ucf58\ud150\uce20\ub97c \uc81c\uc678\ud558\uace0 \ud68c\uc0ac\uc758 \ub3c5\uc810 \uc790\uc0b0\uc785\ub2c8\ub2e4.<\/p>\n<p>\uba54\uc885 \uc624\ub974\uc2dc\ub2c8\uc758 \uba85\uc2dc\uc801 \uc11c\uba74 \ub3d9\uc758 \uc5c6\uc774 \uc774\ub7ec\ud55c \ub2e4\uc591\ud55c \uc694\uc18c\uc758 \uc77c\ubd80\ub77c\ub3c4 \ubcf5\uc81c, \ubc30\ud3ec, \uc218\uc815, \uac01\uc0c9, \uc7ac\uc804\uc1a1 \ub610\ub294 \ucd9c\ud310\ud558\ub294 \uac83\uc740 \uc5c4\uaca9\ud788 \uae08\uc9c0\ub429\ub2c8\ub2e4. \uc774\ub7ec\ud55c \ud45c\ud604 \ub610\ub294 \ubcf5\uc81c\ub294 \uc5b4\ub5a0\ud55c \ubc29\uc2dd\uc73c\ub85c\ub4e0 \ud504\ub791\uc2a4 \uc9c0\uc801\uc7ac\uc0b0\uad8c\ubc95 L.335-2 \uc774\ud558 \uc870\ud56d\uc5d0 \uc758\ud574 \ucc98\ubc8c\ub420 \uc218 \uc788\ub294 \uce68\ud574\uc5d0 \ud574\ub2f9\ud569\ub2c8\ub2e4. \uc774 \uae08\uc9c0 \uc870\ud56d\uc744 \uc900\uc218\ud558\uc9c0 \uc54a\ub294 \uac83\uc740 \uce68\ud574\uc5d0 \ud574\ub2f9\ud558\uba70, \uce68\ud574\uc790\uc5d0\uac8c \ubbfc\uc0ac \ubc0f \ud615\uc0ac\uc0c1 \ucc45\uc784\uc744 \ubb3c\uc744 \uc218 \uc788\uc2b5\ub2c8\ub2e4. \ub610\ud55c \ubcf5\uc0ac\ub41c \ucf58\ud150\uce20\uc758 \uc18c\uc720\uc790\ub294 \ud68c\uc6d0\ub2d8\uc744 \uc0c1\ub300\ub85c \ubc95\uc801 \uc870\uce58\ub97c \ucde8\ud560 \uc218 \uc788\uc2b5\ub2c8\ub2e4.<\/p>\n<h3>\uc0ac\uc9c4 \ubc0f \ub3d9\uc601\uc0c1 \ud06c\ub808\ub527<\/h3>\n<h3>CNIL\uc5d0 \uc2e0\uace0<\/h3>\n<p>\ub370\uc774\ud130 \ucc98\ub9ac, \ub370\uc774\ud130 \ud30c\uc77c \ubc0f \uac1c\uc778\uc758 \uc790\uc720\uc5d0 \uad00\ud55c 1978\ub144 1\uc6d4 6\uc77c\uc758 \ubc95\ub960 78-17(2004\ub144 8\uc6d4 6\uc77c\uc758 \uac1c\uc778 \ub370\uc774\ud130 \ucc98\ub9ac\uc640 \uad00\ub828\ud55c \uac1c\uc778 \ubcf4\ud638\uc5d0 \uad00\ud55c \ubc95\ub960 2004-801\ub85c \uac1c\uc815)\uc5d0 \ub530\ub77c \uc774 \uc0ac\uc774\ud2b8\ub294 \ud504\ub791\uc2a4 \uc815\ubcf4 \ubc0f \uc790\uc720 \uc704\uc6d0\ud68c(www.cnil.fr)\uc5d0 \ub4f1\ub85d\ub418\uc5b4 \uc788\uc2b5\ub2c8\ub2e4.<\/p>\n<h3>\uc18c\uc1a1<\/h3>\n<p>\uba54\uc885\uc624\ub974\uc2dc\ub2c8\ub2f7\ucef4 \uc6f9\uc0ac\uc774\ud2b8\uc758 \ubcf8 \uc57d\uad00\uc740 \ud504\ub791\uc2a4 \ubc95\ub960\uc758 \uc801\uc6a9\uc744 \ubc1b\uc73c\uba70, \ubcf8 \uc57d\uad00\uc758 \ud574\uc11d \ub610\ub294 \uc774\ud589\uc73c\ub85c \uc778\ud574 \ubc1c\uc0dd\ud560 \uc218 \uc788\ub294 \ubaa8\ub4e0 \ubd84\uc7c1 \ub610\ub294 \uc18c\uc1a1\uc740 \ud68c\uc0ac\uc758 \ub4f1\ub85d \uc0ac\ubb34\uc18c\ub97c \uad00\ud560\ud558\ub294 \ubc95\uc6d0\uc758 \uc804\uc18d \uad00\ud560\uad8c\uc5d0 \uc18d\ud569\ub2c8\ub2e4. \ubd84\uc7c1 \ud574\uacb0\uc744 \uc704\ud55c \uae30\uc900 \uc5b8\uc5b4\ub294 \ud504\ub791\uc2a4\uc5b4\uc785\ub2c8\ub2e4.<\/p>\n<h3>\uac1c\uc778 \ub370\uc774\ud130<\/h3>\n<p>\uc77c\ubc18\uc801\uc73c\ub85c \ud68c\uc6d0\ub2d8\uc740 \uba54\uc885\uc624\ub974\uc2dc\ub2c8 \uc6f9\uc0ac\uc774\ud2b8(maisonorsini.com)\ub97c \ubc29\ubb38\ud560 \ub54c \ub2f9\uc0ac\uc5d0 \uac1c\uc778\uc815\ubcf4\ub97c \uc804\ub2ec\ud560 \uc758\ubb34\uac00 \uc5c6\uc2b5\ub2c8\ub2e4.<\/p>\n<h1>\u00a0<\/h1>\n<\/div><\/div><\/div><\/div><\/div><div class=\"fusion-fullwidth fullwidth-box fusion-builder-row-2 fusion-flex-container nonhundred-percent-fullwidth non-hundred-percent-height-scrolling\" style=\"--awb-border-radius-top-left:0px;--awb-border-radius-top-right:0px;--awb-border-radius-bottom-right:0px;--awb-border-radius-bottom-left:0px;--awb-flex-wrap:wrap;\" ><div class=\"fusion-builder-row fusion-row fusion-flex-align-items-flex-start fusion-flex-content-wrap\" style=\"max-width:calc( 1170px + 0px );margin-left: calc(-0px \/ 2 );margin-right: calc(-0px \/ 2 );\"><div class=\"fusion-layout-column fusion_builder_column fusion-builder-column-4 fusion_builder_column_1_1 1_1 fusion-flex-column\" style=\"--awb-bg-size:cover;--awb-width-large:100%;--awb-margin-top-large:0px;--awb-spacing-right-large:0px;--awb-margin-bottom-large:0px;--awb-spacing-left-large:0px;--awb-width-medium:100%;--awb-spacing-right-medium:0px;--awb-spacing-left-medium:0px;--awb-width-small:100%;--awb-spacing-right-small:0px;--awb-spacing-left-small:0px;\"><div class=\"fusion-column-wrapper fusion-flex-justify-content-flex-start fusion-content-layout-column\"><div class=\"fusion-text fusion-text-5\"><\/div><\/div><\/div><\/div><\/div><\/p>","protected":false},"excerpt":{"rendered":"","protected":false},"author":1,"featured_media":0,"parent":0,"menu_order":0,"comment_status":"closed","ping_status":"closed","template":"","meta":{"footnotes":""},"class_list":["post-789","page","type-page","status-publish","hentry"],"yoast_head":"<!-- This site is optimized with the Yoast SEO plugin v27.6 - https:\/\/yoast.com\/product\/yoast-seo-wordpress\/ -->\n<title>Mentions L\u00e9gales - G\u00eetes et Chambre d&#039;H\u00f4tes - Maison Orsini<\/title>\n<meta name=\"robots\" content=\"index, follow, max-snippet:-1, max-image-preview:large, max-video-preview:-1\" \/>\n<link rel=\"canonical\" href=\"https:\/\/maisonorsini.com\/ko\/\ubc95\ub960-\uc815\ubcf4\/\" \/>\n<meta property=\"og:locale\" content=\"ko_KR\" \/>\n<meta property=\"og:type\" content=\"article\" \/>\n<meta property=\"og:title\" content=\"Mentions L\u00e9gales - G\u00eetes et Chambre d&#039;H\u00f4tes - Maison Orsini\" \/>\n<meta property=\"og:url\" content=\"https:\/\/maisonorsini.com\/ko\/\ubc95\ub960-\uc815\ubcf4\/\" \/>\n<meta property=\"og:site_name\" content=\"G\u00eetes et Chambre d&#039;H\u00f4tes - Maison Orsini\" \/>\n<meta property=\"article:publisher\" content=\"https:\/\/www.facebook.com\/Maison.Orsini\/\" \/>\n<meta property=\"article:modified_time\" content=\"2018-03-12T15:42:52+00:00\" \/>\n<meta name=\"twitter:card\" content=\"summary_large_image\" \/>\n<meta name=\"twitter:label1\" content=\"\uc608\uc0c1 \ub418\ub294 \ud310\ub3c5 \uc2dc\uac04\" \/>\n\t<meta name=\"twitter:data1\" content=\"9\ubd84\" \/>\n<!-- \/ Yoast SEO plugin. -->","yoast_head_json":{"title":"Mentions L\u00e9gales - G\u00eetes et Chambre d&#039;H\u00f4tes - Maison Orsini","robots":{"index":"index","follow":"follow","max-snippet":"max-snippet:-1","max-image-preview":"max-image-preview:large","max-video-preview":"max-video-preview:-1"},"canonical":"https:\/\/maisonorsini.com\/ko\/\ubc95\ub960-\uc815\ubcf4\/","og_locale":"ko_KR","og_type":"article","og_title":"Mentions L\u00e9gales - G\u00eetes et Chambre d&#039;H\u00f4tes - Maison Orsini","og_url":"https:\/\/maisonorsini.com\/ko\/\ubc95\ub960-\uc815\ubcf4\/","og_site_name":"G\u00eetes et Chambre d&#039;H\u00f4tes - Maison Orsini","article_publisher":"https:\/\/www.facebook.com\/Maison.Orsini\/","article_modified_time":"2018-03-12T15:42:52+00:00","twitter_card":"summary_large_image","twitter_misc":{"\uc608\uc0c1 \ub418\ub294 \ud310\ub3c5 \uc2dc\uac04":"9\ubd84"},"schema":{"@context":"https:\/\/schema.org","@graph":[{"@type":"WebPage","@id":"https:\/\/maisonorsini.com\/mentions-legales","url":"https:\/\/maisonorsini.com\/mentions-legales","name":"Mentions L\u00e9gales - G\u00eetes et Chambre d&#039;H\u00f4tes - Maison Orsini","isPartOf":{"@id":"https:\/\/maisonorsini.com\/#website"},"datePublished":"2018-02-26T13:09:11+00:00","dateModified":"2018-03-12T15:42:52+00:00","breadcrumb":{"@id":"https:\/\/maisonorsini.com\/mentions-legales#breadcrumb"},"inLanguage":"ko-KR","potentialAction":[{"@type":"ReadAction","target":["https:\/\/maisonorsini.com\/mentions-legales"]}]},{"@type":"BreadcrumbList","@id":"https:\/\/maisonorsini.com\/mentions-legales#breadcrumb","itemListElement":[{"@type":"ListItem","position":1,"name":"Accueil","item":"https:\/\/maisonorsini.com\/"},{"@type":"ListItem","position":2,"name":"Mentions L\u00e9gales"}]},{"@type":"WebSite","@id":"https:\/\/maisonorsini.com\/#website","url":"https:\/\/maisonorsini.com\/","name":"\uc9c0\ud2b8 \uc564 \uc0f9\ube0c\ub974 \ub3c4\ud2b8 - \uba54\uc885 \uc624\ub974\uc2dc\ub2c8","description":"\ube4c\ub1cc\ube0c \ub808 \uc544\ube44\ub1fd\uc758 \ub9e4\ub825\uc801\uc778 \uac8c\uc2a4\ud2b8 \ud558\uc6b0\uc2a4","potentialAction":[{"@type":"SearchAction","target":{"@type":"EntryPoint","urlTemplate":"https:\/\/maisonorsini.com\/?s={search_term_string}"},"query-input":{"@type":"PropertyValueSpecification","valueRequired":true,"valueName":"search_term_string"}}],"inLanguage":"ko-KR"}]}},"_links":{"self":[{"href":"https:\/\/maisonorsini.com\/ko\/wp-json\/wp\/v2\/pages\/789","targetHints":{"allow":["GET"]}}],"collection":[{"href":"https:\/\/maisonorsini.com\/ko\/wp-json\/wp\/v2\/pages"}],"about":[{"href":"https:\/\/maisonorsini.com\/ko\/wp-json\/wp\/v2\/types\/page"}],"author":[{"embeddable":true,"href":"https:\/\/maisonorsini.com\/ko\/wp-json\/wp\/v2\/users\/1"}],"replies":[{"embeddable":true,"href":"https:\/\/maisonorsini.com\/ko\/wp-json\/wp\/v2\/comments?post=789"}],"version-history":[{"count":0,"href":"https:\/\/maisonorsini.com\/ko\/wp-json\/wp\/v2\/pages\/789\/revisions"}],"wp:attachment":[{"href":"https:\/\/maisonorsini.com\/ko\/wp-json\/wp\/v2\/media?parent=789"}],"curies":[{"name":"wp","href":"https:\/\/api.w.org\/{rel}","templated":true}]}}